{"id":953,"date":"2025-09-30T08:44:46","date_gmt":"2025-09-30T08:44:46","guid":{"rendered":"https:\/\/rohrmeister24.de\/?page_id=953"},"modified":"2025-10-03T09:39:34","modified_gmt":"2025-10-03T09:39:34","slug":"badsanierung-teil-oder-vollsanierung","status":"publish","type":"page","link":"https:\/\/rohrmeister24.de\/en\/leistungen\/badsanierung-teil-oder-vollsanierung\/","title":{"rendered":"Badsanierung (Teil- oder Vollsanierung)"},"content":{"rendered":"<div data-elementor-type=\"wp-page\" data-elementor-id=\"953\" class=\"elementor elementor-953\" data-elementor-post-type=\"page\">\n\t\t\t\t<div class=\"elementor-element elementor-element-2679a3a e-con-full e-flex wpr-particle-no wpr-jarallax-no wpr-parallax-no wpr-sticky-section-no e-con e-parent\" data-id=\"2679a3a\" data-element_type=\"container\" data-e-type=\"container\" data-settings=\"{&quot;background_background&quot;:&quot;classic&quot;}\">\n\t\t\t\t<div class=\"elementor-element elementor-element-a4a94c6 elementor-invisible elementor-widget elementor-widget-heading\" data-id=\"a4a94c6\" data-element_type=\"widget\" data-e-type=\"widget\" data-settings=\"{&quot;_animation&quot;:&quot;fadeInUp&quot;}\" data-widget_type=\"heading.default\">\n\t\t\t\t<div class=\"elementor-widget-container\">\n\t\t\t\t\t<h1 class=\"elementor-heading-title elementor-size-default\">Bathroom Renovation <br>(Partial or Full Renovation)<\/h1>\t\t\t\t<\/div>\n\t\t\t\t<\/div>\n\t\t\t\t<\/div>\n\t\t<div class=\"elementor-element elementor-element-1058264 e-flex e-con-boxed wpr-particle-no wpr-jarallax-no wpr-parallax-no wpr-sticky-section-no e-con e-parent\" data-id=\"1058264\" data-element_type=\"container\" data-e-type=\"container\">\n\t\t\t\t\t<div class=\"e-con-inner\">\n\t\t<div class=\"elementor-element elementor-element-d9cffcb e-con-full e-flex wpr-particle-no wpr-jarallax-no wpr-parallax-no wpr-sticky-section-no e-con e-child\" data-id=\"d9cffcb\" data-element_type=\"container\" data-e-type=\"container\">\n\t\t\t\t<div class=\"elementor-element elementor-element-ac512ac elementor-widget elementor-widget-heading\" data-id=\"ac512ac\" data-element_type=\"widget\" data-e-type=\"widget\" data-widget_type=\"heading.default\">\n\t\t\t\t<div class=\"elementor-widget-container\">\n\t\t\t\t\t<h2 class=\"elementor-heading-title elementor-size-default\">Bathroom Renovation with Rohrmeister24 \u2013 Your Expert for Modern Bathrooms!<\/h2>\t\t\t\t<\/div>\n\t\t\t\t<\/div>\n\t\t\t\t<div class=\"elementor-element elementor-element-12974cc elementor-widget elementor-widget-text-editor\" data-id=\"12974cc\" data-element_type=\"widget\" data-e-type=\"widget\" data-widget_type=\"text-editor.default\">\n\t\t\t\t<div class=\"elementor-widget-container\">\n\t\t\t\t\t\t\t\t\t<p>Whether partial renovation or complete bathroom remodeling \u2013 we transform your bathroom into a modern oasis of well-being. Rohrmeister24 offers you professional bathroom renovation, from planning to completion. With high-quality materials, modern technology, and years of experience, we deliver results that impress.<\/p>\t\t\t\t\t\t\t\t<\/div>\n\t\t\t\t<\/div>\n\t\t\t\t<\/div>\n\t\t<div class=\"elementor-element elementor-element-cd25bce e-con-full e-flex wpr-particle-no wpr-jarallax-no wpr-parallax-no wpr-sticky-section-no e-con e-child\" data-id=\"cd25bce\" data-element_type=\"container\" data-e-type=\"container\">\n\t\t\t\t<div class=\"elementor-element elementor-element-64097d7 elementor-widget elementor-widget-image\" data-id=\"64097d7\" data-element_type=\"widget\" data-e-type=\"widget\" data-widget_type=\"image.default\">\n\t\t\t\t<div class=\"elementor-widget-container\">\n\t\t\t\t\t\t\t\t\t\t\t\t\t\t\t<img fetchpriority=\"high\" decoding=\"async\" width=\"500\" height=\"500\" src=\"https:\/\/rohrmeister24.de\/wp-content\/uploads\/2025\/09\/Badsanierung-img2.webp\" class=\"attachment-full size-full wp-image-957\" alt=\"Badsanierung - img2\" \/>\t\t\t\t\t\t\t\t\t\t\t\t\t\t\t<\/div>\n\t\t\t\t<\/div>\n\t\t\t\t<\/div>\n\t\t\t\t\t<\/div>\n\t\t\t\t<\/div>\n\t\t<div class=\"elementor-element elementor-element-214c17a e-flex e-con-boxed wpr-particle-no wpr-jarallax-no wpr-parallax-no wpr-sticky-section-no e-con e-parent\" data-id=\"214c17a\" data-element_type=\"container\" data-e-type=\"container\">\n\t\t\t\t\t<div class=\"e-con-inner\">\n\t\t<div class=\"elementor-element elementor-element-cfab63e e-con-full e-flex wpr-particle-no wpr-jarallax-no wpr-parallax-no wpr-sticky-section-no e-con e-child\" data-id=\"cfab63e\" data-element_type=\"container\" data-e-type=\"container\">\n\t\t\t\t<div class=\"elementor-element elementor-element-36c2954 elementor-widget elementor-widget-image\" data-id=\"36c2954\" data-element_type=\"widget\" data-e-type=\"widget\" data-widget_type=\"image.default\">\n\t\t\t\t<div class=\"elementor-widget-container\">\n\t\t\t\t\t\t\t\t\t\t\t\t\t\t\t<img decoding=\"async\" width=\"500\" height=\"500\" src=\"https:\/\/rohrmeister24.de\/wp-content\/uploads\/2025\/09\/Badsanierung-img1.webp\" class=\"attachment-full size-full wp-image-956\" alt=\"Badsanierung - img1\" srcset=\"https:\/\/rohrmeister24.de\/wp-content\/uploads\/2025\/09\/Badsanierung-img1.webp 500w, https:\/\/rohrmeister24.de\/wp-content\/uploads\/2025\/09\/Badsanierung-img1-300x300.webp 300w, https:\/\/rohrmeister24.de\/wp-content\/uploads\/2025\/09\/Badsanierung-img1-150x150.webp 150w\" sizes=\"(max-width: 500px) 100vw, 500px\" \/>\t\t\t\t\t\t\t\t\t\t\t\t\t\t\t<\/div>\n\t\t\t\t<\/div>\n\t\t\t\t<\/div>\n\t\t<div class=\"elementor-element elementor-element-08a4706 e-con-full e-flex wpr-particle-no wpr-jarallax-no wpr-parallax-no wpr-sticky-section-no e-con e-child\" data-id=\"08a4706\" data-element_type=\"container\" data-e-type=\"container\">\n\t\t\t\t<div class=\"elementor-element elementor-element-626c3a9 elementor-widget elementor-widget-heading\" data-id=\"626c3a9\" data-element_type=\"widget\" data-e-type=\"widget\" data-widget_type=\"heading.default\">\n\t\t\t\t<div class=\"elementor-widget-container\">\n\t\t\t\t\t<h2 class=\"elementor-heading-title elementor-size-default\">Our Bathroom Renovation Services:<\/h2>\t\t\t\t<\/div>\n\t\t\t\t<\/div>\n\t\t\t\t<div class=\"elementor-element elementor-element-5894a26 elementor-widget elementor-widget-text-editor\" data-id=\"5894a26\" data-element_type=\"widget\" data-e-type=\"widget\" data-widget_type=\"text-editor.default\">\n\t\t\t\t<div class=\"elementor-widget-container\">\n\t\t\t\t\t\t\t\t\t<ul><li data-start=\"615\" data-end=\"941\">\ud83d\udebf Partial or Complete Bathroom Renovation According to Your Wishes<\/li><li data-start=\"615\" data-end=\"941\">\ud83d\udee0\ufe0f Replacement of Tiles, Fixtures &amp; Sanitary Ware<\/li><li data-start=\"615\" data-end=\"941\">\ud83d\udca1 Individual Bathroom Design with Modern Styles<\/li><li data-start=\"615\" data-end=\"941\">\u2705 Barrier-Free Bathroom Renovation for More Comfort &amp; Safety<\/li><li data-start=\"615\" data-end=\"941\">\ud83d\udcd0 Professional Planning, Execution &amp; Final Assembly<\/li><\/ul><p data-start=\"943\" data-end=\"1180\">With Rohrmeister24, you get bathroom renovation from a single source \u2013 reliable, on schedule, and at the highest quality level. Trust our expertise when it comes to modernizing and increasing the value of your bathroom.<\/p>\t\t\t\t\t\t\t\t<\/div>\n\t\t\t\t<\/div>\n\t\t\t\t<\/div>\n\t\t\t\t\t<\/div>\n\t\t\t\t<\/div>\n\t\t\t\t<\/div>","protected":false},"excerpt":{"rendered":"<p>Badsanierung (Teil oder Vollsanierung) Badsanierung mit Rohrmeister24 \u2013 Ihr Experte f\u00fcr moderne Badezimmer! Ob Teilrenovierung oder komplette Badsanierung \u2013 wir verwandeln Ihr Bad in eine moderne Wohlf\u00fchloase. Rohrmeister24 bietet Ihnen professionelle Badsanierung, von der Planung bis zur Fertigstellung. Mit hochwertigen Materialien, moderner Technik und jahrelanger Erfahrung sorgen wir f\u00fcr ein Ergebnis, das \u00fcberzeugt. Unsere Leistungen im Bereich Badsanierung: \ud83d\udebf Teil- oder Komplettbadsanierung nach Ihren W\u00fcnschen \ud83d\udee0\ufe0f Austausch von Fliesen, Armaturen &amp; Sanit\u00e4robjekten \ud83d\udca1 Individuelle Badgestaltung mit modernen Designs \u2705 Barrierefreie Badsanierung f\u00fcr mehr Komfort &amp; Sicherheit \ud83d\udcd0 Fachgerechte Planung, Umsetzung &amp; Endmontage Mit Rohrmeister24 erhalten Sie eine Badsanierung aus einer Hand \u2013 zuverl\u00e4ssig, termingerecht und auf h\u00f6chstem Qualit\u00e4tsniveau. Vertrauen Sie auf unsere Expertise, wenn es um die Modernisierung und Wertsteigerung Ihres Badezimmers geht.<\/p>","protected":false},"author":3,"featured_media":0,"parent":12,"menu_order":0,"comment_status":"closed","ping_status":"closed","template":"elementor_header_footer","meta":{"footnotes":""},"class_list":["post-953","page","type-page","status-publish","hentry"],"_links":{"self":[{"href":"https:\/\/rohrmeister24.de\/en\/wp-json\/wp\/v2\/pages\/953","targetHints":{"allow":["GET"]}}],"collection":[{"href":"https:\/\/rohrmeister24.de\/en\/wp-json\/wp\/v2\/pages"}],"about":[{"href":"https:\/\/rohrmeister24.de\/en\/wp-json\/wp\/v2\/types\/page"}],"author":[{"embeddable":true,"href":"https:\/\/rohrmeister24.de\/en\/wp-json\/wp\/v2\/users\/3"}],"replies":[{"embeddable":true,"href":"https:\/\/rohrmeister24.de\/en\/wp-json\/wp\/v2\/comments?post=953"}],"version-history":[{"count":13,"href":"https:\/\/rohrmeister24.de\/en\/wp-json\/wp\/v2\/pages\/953\/revisions"}],"predecessor-version":[{"id":1293,"href":"https:\/\/rohrmeister24.de\/en\/wp-json\/wp\/v2\/pages\/953\/revisions\/1293"}],"up":[{"embeddable":true,"href":"https:\/\/rohrmeister24.de\/en\/wp-json\/wp\/v2\/pages\/12"}],"wp:attachment":[{"href":"https:\/\/rohrmeister24.de\/en\/wp-json\/wp\/v2\/media?parent=953"}],"curies":[{"name":"wp","href":"https:\/\/api.w.org\/{rel}","templated":true}]}}