{"id":945,"date":"2025-09-30T08:06:16","date_gmt":"2025-09-30T08:06:16","guid":{"rendered":"https:\/\/rohrmeister24.de\/?page_id=945"},"modified":"2025-10-02T07:39:51","modified_gmt":"2025-10-02T07:39:51","slug":"fassade-reinigen","status":"publish","type":"page","link":"https:\/\/rohrmeister24.de\/en\/leistungen\/fassade-reinigen\/","title":{"rendered":"Facade Cleaning"},"content":{"rendered":"<div data-elementor-type=\"wp-page\" data-elementor-id=\"945\" class=\"elementor elementor-945\" data-elementor-post-type=\"page\">\n\t\t\t\t<div class=\"elementor-element elementor-element-2679a3a e-con-full e-flex wpr-particle-no wpr-jarallax-no wpr-parallax-no wpr-sticky-section-no e-con e-parent\" data-id=\"2679a3a\" data-element_type=\"container\" data-e-type=\"container\" data-settings=\"{&quot;background_background&quot;:&quot;classic&quot;}\">\n\t\t\t\t<div class=\"elementor-element elementor-element-a4a94c6 elementor-invisible elementor-widget elementor-widget-heading\" data-id=\"a4a94c6\" data-element_type=\"widget\" data-e-type=\"widget\" data-settings=\"{&quot;_animation&quot;:&quot;fadeInUp&quot;}\" data-widget_type=\"heading.default\">\n\t\t\t\t<div class=\"elementor-widget-container\">\n\t\t\t\t\t<h1 class=\"elementor-heading-title elementor-size-default\">Facade Cleaning<\/h1>\t\t\t\t<\/div>\n\t\t\t\t<\/div>\n\t\t\t\t<\/div>\n\t\t<div class=\"elementor-element elementor-element-1058264 e-flex e-con-boxed wpr-particle-no wpr-jarallax-no wpr-parallax-no wpr-sticky-section-no e-con e-parent\" data-id=\"1058264\" data-element_type=\"container\" data-e-type=\"container\">\n\t\t\t\t\t<div class=\"e-con-inner\">\n\t\t<div class=\"elementor-element elementor-element-d9cffcb e-con-full e-flex wpr-particle-no wpr-jarallax-no wpr-parallax-no wpr-sticky-section-no e-con e-child\" data-id=\"d9cffcb\" data-element_type=\"container\" data-e-type=\"container\">\n\t\t\t\t<div class=\"elementor-element elementor-element-ac512ac elementor-widget elementor-widget-heading\" data-id=\"ac512ac\" data-element_type=\"widget\" data-e-type=\"widget\" data-widget_type=\"heading.default\">\n\t\t\t\t<div class=\"elementor-widget-container\">\n\t\t\t\t\t<h2 class=\"elementor-heading-title elementor-size-default\">Facade Cleaning with Rohrmeister24 \u2013 For a Well-Maintained Appearance!<\/h2>\t\t\t\t<\/div>\n\t\t\t\t<\/div>\n\t\t\t\t<div class=\"elementor-element elementor-element-12974cc elementor-widget elementor-widget-text-editor\" data-id=\"12974cc\" data-element_type=\"widget\" data-e-type=\"widget\" data-widget_type=\"text-editor.default\">\n\t\t\t\t<div class=\"elementor-widget-container\">\n\t\t\t\t\t\t\t\t\t<p>Weather, exhaust fumes, and environmental factors make every building facade look unattractive over time. With our professional facade cleaning, we ensure that your facade shines again in new splendor. Rohrmeister24 is your expert when it comes to facade cleaning \u2013 thorough, gentle, and sustainable.<\/p>\t\t\t\t\t\t\t\t<\/div>\n\t\t\t\t<\/div>\n\t\t\t\t<\/div>\n\t\t<div class=\"elementor-element elementor-element-cd25bce e-con-full e-flex wpr-particle-no wpr-jarallax-no wpr-parallax-no wpr-sticky-section-no e-con e-child\" data-id=\"cd25bce\" data-element_type=\"container\" data-e-type=\"container\">\n\t\t\t\t<div class=\"elementor-element elementor-element-64097d7 elementor-widget elementor-widget-image\" data-id=\"64097d7\" data-element_type=\"widget\" data-e-type=\"widget\" data-widget_type=\"image.default\">\n\t\t\t\t<div class=\"elementor-widget-container\">\n\t\t\t\t\t\t\t\t\t\t\t\t\t\t\t<img fetchpriority=\"high\" decoding=\"async\" width=\"500\" height=\"500\" src=\"https:\/\/rohrmeister24.de\/wp-content\/uploads\/2025\/09\/Fassade-reinigen-img1.webp\" class=\"attachment-full size-full wp-image-947\" alt=\"Fassade reinigen - img1\" srcset=\"https:\/\/rohrmeister24.de\/wp-content\/uploads\/2025\/09\/Fassade-reinigen-img1.webp 500w, https:\/\/rohrmeister24.de\/wp-content\/uploads\/2025\/09\/Fassade-reinigen-img1-300x300.webp 300w, https:\/\/rohrmeister24.de\/wp-content\/uploads\/2025\/09\/Fassade-reinigen-img1-150x150.webp 150w\" sizes=\"(max-width: 500px) 100vw, 500px\" \/>\t\t\t\t\t\t\t\t\t\t\t\t\t\t\t<\/div>\n\t\t\t\t<\/div>\n\t\t\t\t<\/div>\n\t\t\t\t\t<\/div>\n\t\t\t\t<\/div>\n\t\t<div class=\"elementor-element elementor-element-214c17a e-flex e-con-boxed wpr-particle-no wpr-jarallax-no wpr-parallax-no wpr-sticky-section-no e-con e-parent\" data-id=\"214c17a\" data-element_type=\"container\" data-e-type=\"container\">\n\t\t\t\t\t<div class=\"e-con-inner\">\n\t\t<div class=\"elementor-element elementor-element-cfab63e e-con-full e-flex wpr-particle-no wpr-jarallax-no wpr-parallax-no wpr-sticky-section-no e-con e-child\" data-id=\"cfab63e\" data-element_type=\"container\" data-e-type=\"container\">\n\t\t\t\t<div class=\"elementor-element elementor-element-36c2954 elementor-widget elementor-widget-image\" data-id=\"36c2954\" data-element_type=\"widget\" data-e-type=\"widget\" data-widget_type=\"image.default\">\n\t\t\t\t<div class=\"elementor-widget-container\">\n\t\t\t\t\t\t\t\t\t\t\t\t\t\t\t<img decoding=\"async\" width=\"500\" height=\"500\" src=\"https:\/\/rohrmeister24.de\/wp-content\/uploads\/2025\/09\/Fassade-reinigen-img2.webp\" class=\"attachment-full size-full wp-image-948\" alt=\"Fassade reinigen - img2\" \/>\t\t\t\t\t\t\t\t\t\t\t\t\t\t\t<\/div>\n\t\t\t\t<\/div>\n\t\t\t\t<\/div>\n\t\t<div class=\"elementor-element elementor-element-08a4706 e-con-full e-flex wpr-particle-no wpr-jarallax-no wpr-parallax-no wpr-sticky-section-no e-con e-child\" data-id=\"08a4706\" data-element_type=\"container\" data-e-type=\"container\">\n\t\t\t\t<div class=\"elementor-element elementor-element-626c3a9 elementor-widget elementor-widget-heading\" data-id=\"626c3a9\" data-element_type=\"widget\" data-e-type=\"widget\" data-widget_type=\"heading.default\">\n\t\t\t\t<div class=\"elementor-widget-container\">\n\t\t\t\t\t<h2 class=\"elementor-heading-title elementor-size-default\">Our Facade Cleaning Services:<\/h2>\t\t\t\t<\/div>\n\t\t\t\t<\/div>\n\t\t\t\t<div class=\"elementor-element elementor-element-5894a26 elementor-widget elementor-widget-text-editor\" data-id=\"5894a26\" data-element_type=\"widget\" data-e-type=\"widget\" data-widget_type=\"text-editor.default\">\n\t\t\t\t<div class=\"elementor-widget-container\">\n\t\t\t\t\t\t\t\t\t<ul><li data-start=\"591\" data-end=\"951\">\ud83c\udfe0 Facade Cleaning for Residential Buildings, Office Complexes &amp; Industrial Facilities<\/li><li data-start=\"591\" data-end=\"951\">\ud83e\uddfd Removal of Dirt, Algae, Moss &amp; Fungi<\/li><li data-start=\"591\" data-end=\"951\">\ud83d\udca6 Facade Cleaning with Modern High- &amp; Low-Pressure Technology<\/li><li data-start=\"591\" data-end=\"951\">\ud83d\udee0\ufe0f Gentle Methods to Protect the Building Structure<\/li><li data-start=\"591\" data-end=\"951\">\u2705 Long-Term Value Preservation through Professional Facade Care<\/li><\/ul><p data-start=\"953\" data-end=\"1251\">With Rohrmeister24, you get facade cleaning that not only ensures a visually clean result but also extends the lifespan of your property. Rely on our experience and state-of-the-art technology when it comes to cleaning and permanently protecting your facade.<\/p>\t\t\t\t\t\t\t\t<\/div>\n\t\t\t\t<\/div>\n\t\t\t\t<\/div>\n\t\t\t\t\t<\/div>\n\t\t\t\t<\/div>\n\t\t\t\t<\/div>","protected":false},"excerpt":{"rendered":"<p>Fassade reinigen Fassade reinigen mit Rohrmeister24 \u2013 f\u00fcr ein gepflegtes Erscheinungsbild! Witterung, Abgase und Umwelteinfl\u00fcsse lassen jede Hausfassade mit der Zeit unansehnlich wirken. Mit unserer professionellen Fassadenreinigung sorgen wir daf\u00fcr, dass Ihre Fassade wieder in neuem Glanz erstrahlt. Rohrmeister24 ist Ihr Experte, wenn es darum geht, die Fassade zu reinigen \u2013 gr\u00fcndlich, schonend und nachhaltig. Unsere Leistungen im Bereich Fassade reinigen: \ud83c\udfe0 Fassade reinigen bei Wohnh\u00e4usern, B\u00fcrogeb\u00e4uden &amp; Industrieanlagen \ud83e\uddfd Entfernung von Schmutz, Algen, Moos &amp; Pilzen \ud83d\udca6 Fassade reinigen mit moderner Hochdruck- und Niederdrucktechnik \ud83d\udee0\ufe0f Schonende Verfahren zum Schutz der Bausubstanz \u2705 Langfristiger Werterhalt durch professionelle Fassadenpflege Mit Rohrmeister24 erhalten Sie eine Fassadenreinigung, die nicht nur f\u00fcr ein optisch sauberes Ergebnis sorgt, sondern auch die Lebensdauer Ihrer Immobilie verl\u00e4ngert. Vertrauen Sie auf unsere Erfahrung und modernste Technik, wenn es darum geht, Ihre Fassade zu reinigen und dauerhaft zu sch\u00fctzen.<\/p>","protected":false},"author":3,"featured_media":0,"parent":12,"menu_order":0,"comment_status":"closed","ping_status":"closed","template":"elementor_header_footer","meta":{"footnotes":""},"class_list":["post-945","page","type-page","status-publish","hentry"],"_links":{"self":[{"href":"https:\/\/rohrmeister24.de\/en\/wp-json\/wp\/v2\/pages\/945","targetHints":{"allow":["GET"]}}],"collection":[{"href":"https:\/\/rohrmeister24.de\/en\/wp-json\/wp\/v2\/pages"}],"about":[{"href":"https:\/\/rohrmeister24.de\/en\/wp-json\/wp\/v2\/types\/page"}],"author":[{"embeddable":true,"href":"https:\/\/rohrmeister24.de\/en\/wp-json\/wp\/v2\/users\/3"}],"replies":[{"embeddable":true,"href":"https:\/\/rohrmeister24.de\/en\/wp-json\/wp\/v2\/comments?post=945"}],"version-history":[{"count":7,"href":"https:\/\/rohrmeister24.de\/en\/wp-json\/wp\/v2\/pages\/945\/revisions"}],"predecessor-version":[{"id":1144,"href":"https:\/\/rohrmeister24.de\/en\/wp-json\/wp\/v2\/pages\/945\/revisions\/1144"}],"up":[{"embeddable":true,"href":"https:\/\/rohrmeister24.de\/en\/wp-json\/wp\/v2\/pages\/12"}],"wp:attachment":[{"href":"https:\/\/rohrmeister24.de\/en\/wp-json\/wp\/v2\/media?parent=945"}],"curies":[{"name":"wp","href":"https:\/\/api.w.org\/{rel}","templated":true}]}}