{"id":909,"date":"2025-09-30T06:48:25","date_gmt":"2025-09-30T06:48:25","guid":{"rendered":"https:\/\/rohrmeister24.de\/?page_id=909"},"modified":"2025-10-13T06:13:04","modified_gmt":"2025-10-13T06:13:04","slug":"entruempelung","status":"publish","type":"page","link":"https:\/\/rohrmeister24.de\/en\/leistungen\/entruempelung\/","title":{"rendered":"Clearance"},"content":{"rendered":"<div data-elementor-type=\"wp-page\" data-elementor-id=\"909\" class=\"elementor elementor-909\" data-elementor-post-type=\"page\">\n\t\t\t\t<div class=\"elementor-element elementor-element-2679a3a e-con-full e-flex wpr-particle-no wpr-jarallax-no wpr-parallax-no wpr-sticky-section-no e-con e-parent\" data-id=\"2679a3a\" data-element_type=\"container\" data-e-type=\"container\" data-settings=\"{&quot;background_background&quot;:&quot;classic&quot;}\">\n\t\t\t\t<div class=\"elementor-element elementor-element-a4a94c6 elementor-invisible elementor-widget elementor-widget-heading\" data-id=\"a4a94c6\" data-element_type=\"widget\" data-e-type=\"widget\" data-settings=\"{&quot;_animation&quot;:&quot;fadeInUp&quot;}\" data-widget_type=\"heading.default\">\n\t\t\t\t<div class=\"elementor-widget-container\">\n\t\t\t\t\t<h1 class=\"elementor-heading-title elementor-size-default\">Clearance<\/h1>\t\t\t\t<\/div>\n\t\t\t\t<\/div>\n\t\t\t\t<\/div>\n\t\t<div class=\"elementor-element elementor-element-1058264 e-flex e-con-boxed wpr-particle-no wpr-jarallax-no wpr-parallax-no wpr-sticky-section-no e-con e-parent\" data-id=\"1058264\" data-element_type=\"container\" data-e-type=\"container\">\n\t\t\t\t\t<div class=\"e-con-inner\">\n\t\t<div class=\"elementor-element elementor-element-d9cffcb e-con-full e-flex wpr-particle-no wpr-jarallax-no wpr-parallax-no wpr-sticky-section-no e-con e-child\" data-id=\"d9cffcb\" data-element_type=\"container\" data-e-type=\"container\">\n\t\t\t\t<div class=\"elementor-element elementor-element-ac512ac elementor-widget elementor-widget-heading\" data-id=\"ac512ac\" data-element_type=\"widget\" data-e-type=\"widget\" data-widget_type=\"heading.default\">\n\t\t\t\t<div class=\"elementor-widget-container\">\n\t\t\t\t\t<h2 class=\"elementor-heading-title elementor-size-default\">Professional Clearance by Rohrmeister24 \u2013 Fast, Thorough &amp; Reliable!<\/h2>\t\t\t\t<\/div>\n\t\t\t\t<\/div>\n\t\t\t\t<div class=\"elementor-element elementor-element-12974cc elementor-widget elementor-widget-text-editor\" data-id=\"12974cc\" data-element_type=\"widget\" data-e-type=\"widget\" data-widget_type=\"text-editor.default\">\n\t\t\t\t<div class=\"elementor-widget-container\">\n\t\t\t\t\t\t\t\t\t<p>Whether apartment, basement, attic, or office \u2013 with our clearance service we create space again. Rohrmeister24 is your experienced partner for clearance of any size. We take care of professional clearing, sorting, and environmentally friendly disposal \u2013 all from a single source.<\/p>\t\t\t\t\t\t\t\t<\/div>\n\t\t\t\t<\/div>\n\t\t\t\t<\/div>\n\t\t<div class=\"elementor-element elementor-element-cd25bce e-con-full e-flex wpr-particle-no wpr-jarallax-no wpr-parallax-no wpr-sticky-section-no e-con e-child\" data-id=\"cd25bce\" data-element_type=\"container\" data-e-type=\"container\">\n\t\t\t\t<div class=\"elementor-element elementor-element-64097d7 elementor-widget elementor-widget-image\" data-id=\"64097d7\" data-element_type=\"widget\" data-e-type=\"widget\" data-widget_type=\"image.default\">\n\t\t\t\t<div class=\"elementor-widget-container\">\n\t\t\t\t\t\t\t\t\t\t\t\t\t\t\t<img fetchpriority=\"high\" decoding=\"async\" width=\"500\" height=\"500\" src=\"https:\/\/rohrmeister24.de\/wp-content\/uploads\/2025\/10\/Entruempelung-new-img2.webp\" class=\"attachment-full size-full wp-image-1475\" alt=\"Entr\u00fcmpelung new - img2\" srcset=\"https:\/\/rohrmeister24.de\/wp-content\/uploads\/2025\/10\/Entruempelung-new-img2.webp 500w, https:\/\/rohrmeister24.de\/wp-content\/uploads\/2025\/10\/Entruempelung-new-img2-300x300.webp 300w, https:\/\/rohrmeister24.de\/wp-content\/uploads\/2025\/10\/Entruempelung-new-img2-150x150.webp 150w, https:\/\/rohrmeister24.de\/wp-content\/uploads\/2025\/10\/Entruempelung-new-img2-12x12.webp 12w\" sizes=\"(max-width: 500px) 100vw, 500px\" \/>\t\t\t\t\t\t\t\t\t\t\t\t\t\t\t<\/div>\n\t\t\t\t<\/div>\n\t\t\t\t<\/div>\n\t\t\t\t\t<\/div>\n\t\t\t\t<\/div>\n\t\t<div class=\"elementor-element elementor-element-214c17a e-flex e-con-boxed wpr-particle-no wpr-jarallax-no wpr-parallax-no wpr-sticky-section-no e-con e-parent\" data-id=\"214c17a\" data-element_type=\"container\" data-e-type=\"container\">\n\t\t\t\t\t<div class=\"e-con-inner\">\n\t\t<div class=\"elementor-element elementor-element-cfab63e e-con-full e-flex wpr-particle-no wpr-jarallax-no wpr-parallax-no wpr-sticky-section-no e-con e-child\" data-id=\"cfab63e\" data-element_type=\"container\" data-e-type=\"container\">\n\t\t\t\t<div class=\"elementor-element elementor-element-36c2954 elementor-widget elementor-widget-image\" data-id=\"36c2954\" data-element_type=\"widget\" data-e-type=\"widget\" data-widget_type=\"image.default\">\n\t\t\t\t<div class=\"elementor-widget-container\">\n\t\t\t\t\t\t\t\t\t\t\t\t\t\t\t<img decoding=\"async\" width=\"500\" height=\"500\" src=\"https:\/\/rohrmeister24.de\/wp-content\/uploads\/2025\/10\/Entruempelung-new-img1.webp\" class=\"attachment-full size-full wp-image-1474\" alt=\"Entr\u00fcmpelung new - img1\" srcset=\"https:\/\/rohrmeister24.de\/wp-content\/uploads\/2025\/10\/Entruempelung-new-img1.webp 500w, https:\/\/rohrmeister24.de\/wp-content\/uploads\/2025\/10\/Entruempelung-new-img1-300x300.webp 300w, https:\/\/rohrmeister24.de\/wp-content\/uploads\/2025\/10\/Entruempelung-new-img1-150x150.webp 150w, https:\/\/rohrmeister24.de\/wp-content\/uploads\/2025\/10\/Entruempelung-new-img1-12x12.webp 12w\" sizes=\"(max-width: 500px) 100vw, 500px\" \/>\t\t\t\t\t\t\t\t\t\t\t\t\t\t\t<\/div>\n\t\t\t\t<\/div>\n\t\t\t\t<\/div>\n\t\t<div class=\"elementor-element elementor-element-08a4706 e-con-full e-flex wpr-particle-no wpr-jarallax-no wpr-parallax-no wpr-sticky-section-no e-con e-child\" data-id=\"08a4706\" data-element_type=\"container\" data-e-type=\"container\">\n\t\t\t\t<div class=\"elementor-element elementor-element-626c3a9 elementor-widget elementor-widget-heading\" data-id=\"626c3a9\" data-element_type=\"widget\" data-e-type=\"widget\" data-widget_type=\"heading.default\">\n\t\t\t\t<div class=\"elementor-widget-container\">\n\t\t\t\t\t<h2 class=\"elementor-heading-title elementor-size-default\">Our Clearance Services:<\/h2>\t\t\t\t<\/div>\n\t\t\t\t<\/div>\n\t\t\t\t<div class=\"elementor-element elementor-element-5894a26 elementor-widget elementor-widget-text-editor\" data-id=\"5894a26\" data-element_type=\"widget\" data-e-type=\"widget\" data-widget_type=\"text-editor.default\">\n\t\t\t\t<div class=\"elementor-widget-container\">\n\t\t\t\t\t\t\t\t\t<ul><li data-start=\"569\" data-end=\"848\">\ud83d\uddd1\ufe0f Clearance of Apartments, Houses &amp; Commercial Properties<\/li><li data-start=\"569\" data-end=\"848\">\ud83d\udce6 Basement &amp; Attic Clearance<\/li><li data-start=\"569\" data-end=\"848\">\ud83c\udfe2 Office &amp; Business Clearances<\/li><li data-start=\"569\" data-end=\"848\">\ud83d\ude9a Removal &amp; Environmentally Friendly Disposal<\/li><li data-start=\"569\" data-end=\"848\">\u2705 Fast, Discreet &amp; Reliable Execution<\/li><\/ul><p data-start=\"850\" data-end=\"1091\">With Rohrmeister24, you benefit from professional clearance, transparent pricing, and a service that takes the stress off your shoulders. Rely on our experience and create new space \u2013 simple, clean, and worry-free.<\/p>\t\t\t\t\t\t\t\t<\/div>\n\t\t\t\t<\/div>\n\t\t\t\t<\/div>\n\t\t\t\t\t<\/div>\n\t\t\t\t<\/div>\n\t\t\t\t<\/div>","protected":false},"excerpt":{"rendered":"<p>Entr\u00fcmpelung Professionelle Entr\u00fcmpelung von Rohrmeister24 \u2013 schnell, gr\u00fcndlich und zuverl\u00e4ssig! Ob Wohnung, Keller, Dachboden oder B\u00fcro \u2013 mit unserer Entr\u00fcmpelung schaffen wir wieder Platz. Rohrmeister24 ist Ihr erfahrener Partner f\u00fcr Entr\u00fcmpelung in jeder Gr\u00f6\u00dfenordnung. Wir k\u00fcmmern uns um die fachgerechte R\u00e4umung, Sortierung und umweltgerechte Entsorgung \u2013 alles aus einer Hand. Unsere Leistungen im Bereich Entr\u00fcmpelung: \ud83d\uddd1\ufe0f Entr\u00fcmpelung von Wohnungen, H\u00e4usern &amp; Gewerbeobjekten \ud83d\udce6 Keller- und Dachbodenentr\u00fcmpelung \ud83c\udfe2 B\u00fcro- und Gesch\u00e4ftsaufl\u00f6sungen \ud83d\ude9a Abtransport &amp; umweltgerechte Entsorgung \u2705 Schnelle, diskrete &amp; zuverl\u00e4ssige Durchf\u00fchrung Mit Rohrmeister24 profitieren Sie von professioneller Entr\u00fcmpelung, transparenter Preisgestaltung und einem Service, der Ihnen Stress abnimmt. Vertrauen Sie auf unsere Erfahrung und schaffen Sie neuen Raum \u2013 einfach, sauber und sorgenfrei.<\/p>","protected":false},"author":3,"featured_media":0,"parent":12,"menu_order":0,"comment_status":"closed","ping_status":"closed","template":"elementor_header_footer","meta":{"footnotes":""},"class_list":["post-909","page","type-page","status-publish","hentry"],"_links":{"self":[{"href":"https:\/\/rohrmeister24.de\/en\/wp-json\/wp\/v2\/pages\/909","targetHints":{"allow":["GET"]}}],"collection":[{"href":"https:\/\/rohrmeister24.de\/en\/wp-json\/wp\/v2\/pages"}],"about":[{"href":"https:\/\/rohrmeister24.de\/en\/wp-json\/wp\/v2\/types\/page"}],"author":[{"embeddable":true,"href":"https:\/\/rohrmeister24.de\/en\/wp-json\/wp\/v2\/users\/3"}],"replies":[{"embeddable":true,"href":"https:\/\/rohrmeister24.de\/en\/wp-json\/wp\/v2\/comments?post=909"}],"version-history":[{"count":16,"href":"https:\/\/rohrmeister24.de\/en\/wp-json\/wp\/v2\/pages\/909\/revisions"}],"predecessor-version":[{"id":1478,"href":"https:\/\/rohrmeister24.de\/en\/wp-json\/wp\/v2\/pages\/909\/revisions\/1478"}],"up":[{"embeddable":true,"href":"https:\/\/rohrmeister24.de\/en\/wp-json\/wp\/v2\/pages\/12"}],"wp:attachment":[{"href":"https:\/\/rohrmeister24.de\/en\/wp-json\/wp\/v2\/media?parent=909"}],"curies":[{"name":"wp","href":"https:\/\/api.w.org\/{rel}","templated":true}]}}