{"id":789,"date":"2025-09-29T07:14:00","date_gmt":"2025-09-29T07:14:00","guid":{"rendered":"https:\/\/rohrmeister24.de\/?page_id=789"},"modified":"2025-11-27T10:03:14","modified_gmt":"2025-11-27T09:03:14","slug":"rohrreinigung","status":"publish","type":"page","link":"https:\/\/rohrmeister24.de\/en\/leistungen\/rohrreinigung\/","title":{"rendered":"Pipe Cleaning"},"content":{"rendered":"<div data-elementor-type=\"wp-page\" data-elementor-id=\"789\" class=\"elementor elementor-789\" data-elementor-post-type=\"page\">\n\t\t\t\t<div class=\"elementor-element elementor-element-bf05b25 e-con-full e-flex wpr-particle-no wpr-jarallax-no wpr-parallax-no wpr-sticky-section-no e-con e-parent\" data-id=\"bf05b25\" data-element_type=\"container\" data-e-type=\"container\" data-settings=\"{&quot;background_background&quot;:&quot;classic&quot;}\">\n\t\t\t\t<div class=\"elementor-element elementor-element-006ff11 elementor-invisible elementor-widget elementor-widget-heading\" data-id=\"006ff11\" data-element_type=\"widget\" data-e-type=\"widget\" data-settings=\"{&quot;_animation&quot;:&quot;fadeInUp&quot;}\" data-widget_type=\"heading.default\">\n\t\t\t\t<div class=\"elementor-widget-container\">\n\t\t\t\t\t<h1 class=\"elementor-heading-title elementor-size-default\">Pipe Cleaning<\/h1>\t\t\t\t<\/div>\n\t\t\t\t<\/div>\n\t\t\t\t<div class=\"elementor-element elementor-element-acc476c elementor-mobile-align-justify elementor-align-center elementor-widget elementor-widget-button\" data-id=\"acc476c\" data-element_type=\"widget\" data-e-type=\"widget\" data-widget_type=\"button.default\">\n\t\t\t\t<div class=\"elementor-widget-container\">\n\t\t\t\t\t\t\t\t\t<div class=\"elementor-button-wrapper\">\n\t\t\t\t\t<a class=\"elementor-button elementor-button-link elementor-size-sm\" href=\"tel:+4915733573111\" target=\"_blank\">\n\t\t\t\t\t\t<span class=\"elementor-button-content-wrapper\">\n\t\t\t\t\t\t<span class=\"elementor-button-icon\">\n\t\t\t\t<svg aria-hidden=\"true\" class=\"e-font-icon-svg e-fas-long-arrow-alt-right\" viewbox=\"0 0 448 512\" xmlns=\"http:\/\/www.w3.org\/2000\/svg\"><path d=\"M313.941 216H12c-6.627 0-12 5.373-12 12v56c0 6.627 5.373 12 12 12h301.941v46.059c0 21.382 25.851 32.09 40.971 16.971l86.059-86.059c9.373-9.373 9.373-24.569 0-33.941l-86.059-86.059c-15.119-15.119-40.971-4.411-40.971 16.971V216z\"><\/path><\/svg>\t\t\t<\/span>\n\t\t\t\t\t\t\t\t\t<span class=\"elementor-button-text\">Call now<\/span>\n\t\t\t\t\t<\/span>\n\t\t\t\t\t<\/a>\n\t\t\t\t<\/div>\n\t\t\t\t\t\t\t\t<\/div>\n\t\t\t\t<\/div>\n\t\t\t\t<\/div>\n\t\t<div class=\"elementor-element elementor-element-597cb26 e-flex e-con-boxed wpr-particle-no wpr-jarallax-no wpr-parallax-no wpr-sticky-section-no e-con e-parent\" data-id=\"597cb26\" data-element_type=\"container\" data-e-type=\"container\">\n\t\t\t\t\t<div class=\"e-con-inner\">\n\t\t<div class=\"elementor-element elementor-element-2e642c3 e-con-full e-flex wpr-particle-no wpr-jarallax-no wpr-parallax-no wpr-sticky-section-no e-con e-child\" data-id=\"2e642c3\" data-element_type=\"container\" data-e-type=\"container\">\n\t\t\t\t<div class=\"elementor-element elementor-element-f05e670 elementor-widget elementor-widget-heading\" data-id=\"f05e670\" data-element_type=\"widget\" data-e-type=\"widget\" data-widget_type=\"heading.default\">\n\t\t\t\t<div class=\"elementor-widget-container\">\n\t\t\t\t\t<h2 class=\"elementor-heading-title elementor-size-default\">Professional Drain Cleaning by Rohrmeister24 \u2013 Available 24\/7 for You!<\/h2>\t\t\t\t<\/div>\n\t\t\t\t<\/div>\n\t\t\t\t<div class=\"elementor-element elementor-element-56e1331 elementor-widget elementor-widget-text-editor\" data-id=\"56e1331\" data-element_type=\"widget\" data-e-type=\"widget\" data-widget_type=\"text-editor.default\">\n\t\t\t\t<div class=\"elementor-widget-container\">\n\t\t\t\t\t\t\t\t\t<p>Clogged drains or slow water flow? With our drain cleaning service, we reliably remove blockages and ensure free-flowing pipes. Rohrmeister24 is your specialist company for fast and professional drain cleaning \u2013 available anytime.<\/p>\t\t\t\t\t\t\t\t<\/div>\n\t\t\t\t<\/div>\n\t\t\t\t<\/div>\n\t\t<div class=\"elementor-element elementor-element-744ee1a e-con-full e-flex wpr-particle-no wpr-jarallax-no wpr-parallax-no wpr-sticky-section-no e-con e-child\" data-id=\"744ee1a\" data-element_type=\"container\" data-e-type=\"container\">\n\t\t\t\t<div class=\"elementor-element elementor-element-e8ec919 elementor-widget elementor-widget-image\" data-id=\"e8ec919\" data-element_type=\"widget\" data-e-type=\"widget\" data-widget_type=\"image.default\">\n\t\t\t\t<div class=\"elementor-widget-container\">\n\t\t\t\t\t\t\t\t\t\t\t\t\t\t\t<img fetchpriority=\"high\" decoding=\"async\" width=\"500\" height=\"500\" src=\"https:\/\/rohrmeister24.de\/wp-content\/uploads\/2025\/09\/Rohrreinigung-img1.webp\" class=\"attachment-full size-full wp-image-795\" alt=\"Rohrreinigung - img1\" \/>\t\t\t\t\t\t\t\t\t\t\t\t\t\t\t<\/div>\n\t\t\t\t<\/div>\n\t\t\t\t<\/div>\n\t\t\t\t\t<\/div>\n\t\t\t\t<\/div>\n\t\t<div class=\"elementor-element elementor-element-381134f e-flex e-con-boxed wpr-particle-no wpr-jarallax-no wpr-parallax-no wpr-sticky-section-no e-con e-parent\" data-id=\"381134f\" data-element_type=\"container\" data-e-type=\"container\">\n\t\t\t\t\t<div class=\"e-con-inner\">\n\t\t<div class=\"elementor-element elementor-element-99dc781 e-con-full e-flex wpr-particle-no wpr-jarallax-no wpr-parallax-no wpr-sticky-section-no e-con e-child\" data-id=\"99dc781\" data-element_type=\"container\" data-e-type=\"container\">\n\t\t\t\t<div class=\"elementor-element elementor-element-89c19a5 elementor-widget elementor-widget-image\" data-id=\"89c19a5\" data-element_type=\"widget\" data-e-type=\"widget\" data-widget_type=\"image.default\">\n\t\t\t\t<div class=\"elementor-widget-container\">\n\t\t\t\t\t\t\t\t\t\t\t\t\t\t\t<img decoding=\"async\" width=\"500\" height=\"500\" src=\"https:\/\/rohrmeister24.de\/wp-content\/uploads\/2025\/10\/Rohrreinigung-new-img3.webp\" class=\"attachment-full size-full wp-image-1032\" alt=\"Rohrreinigung - new img3\" srcset=\"https:\/\/rohrmeister24.de\/wp-content\/uploads\/2025\/10\/Rohrreinigung-new-img3.webp 500w, https:\/\/rohrmeister24.de\/wp-content\/uploads\/2025\/10\/Rohrreinigung-new-img3-300x300.webp 300w, https:\/\/rohrmeister24.de\/wp-content\/uploads\/2025\/10\/Rohrreinigung-new-img3-150x150.webp 150w\" sizes=\"(max-width: 500px) 100vw, 500px\" \/>\t\t\t\t\t\t\t\t\t\t\t\t\t\t\t<\/div>\n\t\t\t\t<\/div>\n\t\t\t\t<\/div>\n\t\t<div class=\"elementor-element elementor-element-1dda4e1 e-con-full e-flex wpr-particle-no wpr-jarallax-no wpr-parallax-no wpr-sticky-section-no e-con e-child\" data-id=\"1dda4e1\" data-element_type=\"container\" data-e-type=\"container\">\n\t\t\t\t<div class=\"elementor-element elementor-element-7649e5c elementor-widget elementor-widget-heading\" data-id=\"7649e5c\" data-element_type=\"widget\" data-e-type=\"widget\" data-widget_type=\"heading.default\">\n\t\t\t\t<div class=\"elementor-widget-container\">\n\t\t\t\t\t<h2 class=\"elementor-heading-title elementor-size-default\">Our fixed prices for drain cleaning:<\/h2>\t\t\t\t<\/div>\n\t\t\t\t<\/div>\n\t\t\t\t<div class=\"elementor-element elementor-element-a1bc7f9 elementor-widget elementor-widget-text-editor\" data-id=\"a1bc7f9\" data-element_type=\"widget\" data-e-type=\"widget\" data-widget_type=\"text-editor.default\">\n\t\t\t\t<div class=\"elementor-widget-container\">\n\t\t\t\t\t\t\t\t\t<ul><li data-start=\"517\" data-end=\"827\">\ud83d\udebf Clogged Shower \u2013 \u20ac249<\/li><li data-start=\"517\" data-end=\"827\">\ud83c\udf7d\ufe0f Clogged Kitchen \u2013 \u20ac349<\/li><li data-start=\"517\" data-end=\"827\">\ud83d\udebd Clogged Toilet \/ Bathroom \u2013 \u20ac599<\/li><li data-start=\"517\" data-end=\"827\">\ud83d\udec1 <span>Clogged Complete Bathroom<\/span> \u2013 799 \u20ac<\/li><\/ul><p data-start=\"752\" data-end=\"904\"><strong data-start=\"752\" data-end=\"771\">Please note:<\/strong><br data-start=\"771\" data-end=\"774\" \/>\u2013 Emergency surcharge of +99\u20ac for assignments between 10:00 p.m. and 6:00 a.m.<br data-start=\"850\" data-end=\"853\" \/>\u2013 Surcharge of +99\u20ac on Sundays and public holidays<br \/>With Rohrmeister24, you get professional drain cleaning at clear fixed prices \u2013 fast, fair, and reliable.<br \/><strong>Note:<\/strong> A travel fee of \u20ac49 applies. All prices are subject to an additional 19% VAT.<\/p>\t\t\t\t\t\t\t\t<\/div>\n\t\t\t\t<\/div>\n\t\t\t\t<\/div>\n\t\t\t\t\t<\/div>\n\t\t\t\t<\/div>\n\t\t<div class=\"elementor-element elementor-element-befb350 e-flex e-con-boxed wpr-particle-no wpr-jarallax-no wpr-parallax-no wpr-sticky-section-no e-con e-parent\" data-id=\"befb350\" data-element_type=\"container\" data-e-type=\"container\">\n\t\t\t\t\t<div class=\"e-con-inner\">\n\t\t<div class=\"elementor-element elementor-element-f61c491 e-con-full e-flex wpr-particle-no wpr-jarallax-no wpr-parallax-no wpr-sticky-section-no e-con e-child\" data-id=\"f61c491\" data-element_type=\"container\" data-e-type=\"container\">\n\t\t\t\t<div class=\"elementor-element elementor-element-99a946d elementor-widget elementor-widget-heading\" data-id=\"99a946d\" data-element_type=\"widget\" data-e-type=\"widget\" data-widget_type=\"heading.default\">\n\t\t\t\t<div class=\"elementor-widget-container\">\n\t\t\t\t\t<h2 class=\"elementor-heading-title elementor-size-default\">Our Services in Drain Cleaning:<\/h2>\t\t\t\t<\/div>\n\t\t\t\t<\/div>\n\t\t\t\t<div class=\"elementor-element elementor-element-6c86520 elementor-widget elementor-widget-text-editor\" data-id=\"6c86520\" data-element_type=\"widget\" data-e-type=\"widget\" data-widget_type=\"text-editor.default\">\n\t\t\t\t<div class=\"elementor-widget-container\">\n\t\t\t\t\t\t\t\t\t<ul><li data-start=\"517\" data-end=\"827\">\ud83d\udeb0 Fast Drain Cleaning for Acute Blockages<\/li><li data-start=\"517\" data-end=\"827\">\ud83d\udd27 Drain Cleaning for Kitchen, Bathroom, and Toilet<\/li><li data-start=\"517\" data-end=\"827\">\ud83d\udca6 Drain Cleaning with Modern High-Pressure Technology<\/li><li data-start=\"517\" data-end=\"827\">\ud83d\udee0\ufe0f Drain Cleaning for Deposits and Encrustations<\/li><li data-start=\"517\" data-end=\"827\">\u2705 Drain Cleaning as Prevention for Permanently Clear Pipes<\/li><\/ul><p data-start=\"829\" data-end=\"998\">With our many years of experience and state-of-the-art technology, we guarantee effective drain cleaning that protects your pipes and ensures smooth drainage.<\/p>\t\t\t\t\t\t\t\t<\/div>\n\t\t\t\t<\/div>\n\t\t\t\t<\/div>\n\t\t<div class=\"elementor-element elementor-element-7c3c4ce e-con-full e-flex wpr-particle-no wpr-jarallax-no wpr-parallax-no wpr-sticky-section-no e-con e-child\" data-id=\"7c3c4ce\" data-element_type=\"container\" data-e-type=\"container\">\n\t\t\t\t<div class=\"elementor-element elementor-element-049de58 elementor-widget elementor-widget-image\" data-id=\"049de58\" data-element_type=\"widget\" data-e-type=\"widget\" data-widget_type=\"image.default\">\n\t\t\t\t<div class=\"elementor-widget-container\">\n\t\t\t\t\t\t\t\t\t\t\t\t\t\t\t<img decoding=\"async\" width=\"500\" height=\"500\" src=\"https:\/\/rohrmeister24.de\/wp-content\/uploads\/2025\/09\/Rohrreinigung-new-img2.webp\" class=\"attachment-full size-full wp-image-905\" alt=\"Rohrreinigung -new img2\" srcset=\"https:\/\/rohrmeister24.de\/wp-content\/uploads\/2025\/09\/Rohrreinigung-new-img2.webp 500w, https:\/\/rohrmeister24.de\/wp-content\/uploads\/2025\/09\/Rohrreinigung-new-img2-300x300.webp 300w, https:\/\/rohrmeister24.de\/wp-content\/uploads\/2025\/09\/Rohrreinigung-new-img2-150x150.webp 150w\" sizes=\"(max-width: 500px) 100vw, 500px\" \/>\t\t\t\t\t\t\t\t\t\t\t\t\t\t\t<\/div>\n\t\t\t\t<\/div>\n\t\t\t\t<\/div>\n\t\t\t\t\t<\/div>\n\t\t\t\t<\/div>\n\t\t\t\t<\/div>","protected":false},"excerpt":{"rendered":"<p>Rohrreinigung Jetzt anrufen Professionelle Rohrreinigung von Rohrmeister24 \u2013 24\/7 f\u00fcr Sie da! Verstopfte Abfl\u00fcsse oder langsamer Wasserablauf? Mit unserer Rohrreinigung beseitigen wir Blockaden zuverl\u00e4ssig und sorgen f\u00fcr freie Leitungen. Rohrmeister24 ist Ihr Fachbetrieb f\u00fcr schnelle und professionelle Rohrreinigung \u2013 jederzeit verf\u00fcgbar. Unsere Festpreise f\u00fcr Rohrreinigung: \ud83d\udebf Dusche verstopft \u2013 249 \u20ac \ud83c\udf7d\ufe0f K\u00fcche verstopft \u2013 349 \u20ac \ud83d\udebd WC \/ Bad verstopft \u2013 599 \u20ac \ud83d\udec1 Komplettes Badezimmer verstopft \u2013 799 \u20ac Bitte beachten:&#8211; Notdienstzuschlag von +99 \u20ac f\u00fcr Eins\u00e4tze zwischen 22:00 und 06:00 Uhr&#8211; Zuschlag von +99 \u20ac an Sonn- und FeiertagenMit Rohrmeister24 erhalten Sie eine professionelle Rohrreinigung zu klaren Festpreisen \u2013 schnell, fair und zuverl\u00e4ssig.Hinweis: Es f\u00e4llt eine Anfahrtsgeb\u00fchr von 49 \u20ac an. Alle Preise verstehen sich zuz\u00fcglich 19 % MwSt. Unsere Leistungen im Bereich Rohrreinigung: \ud83d\udeb0 Schnelle Rohrreinigung bei akuten Verstopfungen \ud83d\udd27 Rohrreinigung f\u00fcr K\u00fcche, Bad und WC \ud83d\udca6 Rohrreinigung mit moderner Hochdrucktechnik \ud83d\udee0\ufe0f Rohrreinigung gegen Ablagerungen und Verkrustungen \u2705 Rohrreinigung als Vorsorge f\u00fcr dauerhaft freie Leitungen Mit unserer langj\u00e4hrigen Erfahrung und modernster Technik garantieren wir eine effektive Rohrreinigung, die Ihre Leitungen sch\u00fctzt und f\u00fcr reibungslose Abfl\u00fcsse sorgt.<\/p>","protected":false},"author":3,"featured_media":0,"parent":12,"menu_order":0,"comment_status":"closed","ping_status":"closed","template":"elementor_header_footer","meta":{"footnotes":""},"class_list":["post-789","page","type-page","status-publish","hentry"],"_links":{"self":[{"href":"https:\/\/rohrmeister24.de\/en\/wp-json\/wp\/v2\/pages\/789","targetHints":{"allow":["GET"]}}],"collection":[{"href":"https:\/\/rohrmeister24.de\/en\/wp-json\/wp\/v2\/pages"}],"about":[{"href":"https:\/\/rohrmeister24.de\/en\/wp-json\/wp\/v2\/types\/page"}],"author":[{"embeddable":true,"href":"https:\/\/rohrmeister24.de\/en\/wp-json\/wp\/v2\/users\/3"}],"replies":[{"embeddable":true,"href":"https:\/\/rohrmeister24.de\/en\/wp-json\/wp\/v2\/comments?post=789"}],"version-history":[{"count":43,"href":"https:\/\/rohrmeister24.de\/en\/wp-json\/wp\/v2\/pages\/789\/revisions"}],"predecessor-version":[{"id":2096,"href":"https:\/\/rohrmeister24.de\/en\/wp-json\/wp\/v2\/pages\/789\/revisions\/2096"}],"up":[{"embeddable":true,"href":"https:\/\/rohrmeister24.de\/en\/wp-json\/wp\/v2\/pages\/12"}],"wp:attachment":[{"href":"https:\/\/rohrmeister24.de\/en\/wp-json\/wp\/v2\/media?parent=789"}],"curies":[{"name":"wp","href":"https:\/\/api.w.org\/{rel}","templated":true}]}}