{"id":358,"date":"2025-07-24T08:59:21","date_gmt":"2025-07-24T08:59:21","guid":{"rendered":"https:\/\/rohrmeister24.de\/?page_id=358"},"modified":"2025-10-06T05:36:22","modified_gmt":"2025-10-06T05:36:22","slug":"garten-und-landschaftsbau","status":"publish","type":"page","link":"https:\/\/rohrmeister24.de\/en\/garten-und-landschaftsbau\/","title":{"rendered":"Gardening and Landscaping"},"content":{"rendered":"<div data-elementor-type=\"wp-page\" data-elementor-id=\"358\" class=\"elementor elementor-358\" data-elementor-post-type=\"page\">\n\t\t\t\t<div class=\"elementor-element elementor-element-d5f9b9d e-con-full e-flex wpr-particle-no wpr-jarallax-no wpr-parallax-no wpr-sticky-section-no e-con e-parent\" data-id=\"d5f9b9d\" data-element_type=\"container\" data-e-type=\"container\" data-settings=\"{&quot;background_background&quot;:&quot;classic&quot;}\">\n\t\t\t\t<div class=\"elementor-element elementor-element-55bb615 elementor-invisible elementor-widget elementor-widget-heading\" data-id=\"55bb615\" data-element_type=\"widget\" data-e-type=\"widget\" data-settings=\"{&quot;_animation&quot;:&quot;fadeInUp&quot;}\" data-widget_type=\"heading.default\">\n\t\t\t\t<div class=\"elementor-widget-container\">\n\t\t\t\t\t<h1 class=\"elementor-heading-title elementor-size-default\">Gardening and Landscaping<\/h1>\t\t\t\t<\/div>\n\t\t\t\t<\/div>\n\t\t\t\t<\/div>\n\t\t<div class=\"elementor-element elementor-element-621a541 e-flex e-con-boxed wpr-particle-no wpr-jarallax-no wpr-parallax-no wpr-sticky-section-no e-con e-parent\" data-id=\"621a541\" data-element_type=\"container\" data-e-type=\"container\">\n\t\t\t\t\t<div class=\"e-con-inner\">\n\t\t<div class=\"elementor-element elementor-element-251df4f e-con-full e-flex wpr-particle-no wpr-jarallax-no wpr-parallax-no wpr-sticky-section-no e-con e-child\" data-id=\"251df4f\" data-element_type=\"container\" data-e-type=\"container\">\n\t\t\t\t<div class=\"elementor-element elementor-element-f215296 elementor-widget elementor-widget-heading\" data-id=\"f215296\" data-element_type=\"widget\" data-e-type=\"widget\" data-widget_type=\"heading.default\">\n\t\t\t\t<div class=\"elementor-widget-container\">\n\t\t\t\t\t<h2 class=\"elementor-heading-title elementor-size-default\">Rohrmeister24 \u2013 Creative Gardening and Landscaping with Passion<\/h2>\t\t\t\t<\/div>\n\t\t\t\t<\/div>\n\t\t\t\t<div class=\"elementor-element elementor-element-8b9c70b elementor-widget elementor-widget-text-editor\" data-id=\"8b9c70b\" data-element_type=\"widget\" data-e-type=\"widget\" data-widget_type=\"text-editor.default\">\n\t\t\t\t<div class=\"elementor-widget-container\">\n\t\t\t\t\t\t\t\t\t<p>A beautiful garden is more than just greenery \u2013 it is your personal oasis of well-being. Rohrmeister24 offers you customized solutions in gardening and landscaping \u2013 from planning to implementation.<\/p>\t\t\t\t\t\t\t\t<\/div>\n\t\t\t\t<\/div>\n\t\t\t\t<\/div>\n\t\t<div class=\"elementor-element elementor-element-0de8cae e-con-full e-flex wpr-particle-no wpr-jarallax-no wpr-parallax-no wpr-sticky-section-no e-con e-child\" data-id=\"0de8cae\" data-element_type=\"container\" data-e-type=\"container\">\n\t\t\t\t<div class=\"elementor-element elementor-element-214a534 elementor-widget elementor-widget-image\" data-id=\"214a534\" data-element_type=\"widget\" data-e-type=\"widget\" data-widget_type=\"image.default\">\n\t\t\t\t<div class=\"elementor-widget-container\">\n\t\t\t\t\t\t\t\t\t\t\t\t\t\t\t<img fetchpriority=\"high\" decoding=\"async\" width=\"500\" height=\"500\" src=\"https:\/\/rohrmeister24.de\/wp-content\/uploads\/2025\/09\/Garten-und-Landschaftsbau-img1.webp\" class=\"attachment-full size-full wp-image-581\" alt=\"Garten und Landschaftsbau - img1\" \/>\t\t\t\t\t\t\t\t\t\t\t\t\t\t\t<\/div>\n\t\t\t\t<\/div>\n\t\t\t\t<\/div>\n\t\t\t\t\t<\/div>\n\t\t\t\t<\/div>\n\t\t<div class=\"elementor-element elementor-element-9af584a e-flex e-con-boxed wpr-particle-no wpr-jarallax-no wpr-parallax-no wpr-sticky-section-no e-con e-parent\" data-id=\"9af584a\" data-element_type=\"container\" data-e-type=\"container\">\n\t\t\t\t\t<div class=\"e-con-inner\">\n\t\t<div class=\"elementor-element elementor-element-9988fdd e-con-full e-flex wpr-particle-no wpr-jarallax-no wpr-parallax-no wpr-sticky-section-no e-con e-child\" data-id=\"9988fdd\" data-element_type=\"container\" data-e-type=\"container\">\n\t\t\t\t<div class=\"elementor-element elementor-element-2b4c2e5 elementor-widget elementor-widget-image\" data-id=\"2b4c2e5\" data-element_type=\"widget\" data-e-type=\"widget\" data-widget_type=\"image.default\">\n\t\t\t\t<div class=\"elementor-widget-container\">\n\t\t\t\t\t\t\t\t\t\t\t\t\t\t\t<img decoding=\"async\" width=\"500\" height=\"500\" src=\"https:\/\/rohrmeister24.de\/wp-content\/uploads\/2025\/09\/Garten-und-Landschaftsbau-img2.webp\" class=\"attachment-full size-full wp-image-582\" alt=\"Garten und Landschaftsbau - img2\" \/>\t\t\t\t\t\t\t\t\t\t\t\t\t\t\t<\/div>\n\t\t\t\t<\/div>\n\t\t\t\t<\/div>\n\t\t<div class=\"elementor-element elementor-element-6fc25db e-con-full e-flex wpr-particle-no wpr-jarallax-no wpr-parallax-no wpr-sticky-section-no e-con e-child\" data-id=\"6fc25db\" data-element_type=\"container\" data-e-type=\"container\">\n\t\t\t\t<div class=\"elementor-element elementor-element-6378f64 elementor-widget elementor-widget-heading\" data-id=\"6378f64\" data-element_type=\"widget\" data-e-type=\"widget\" data-widget_type=\"heading.default\">\n\t\t\t\t<div class=\"elementor-widget-container\">\n\t\t\t\t\t<h3 class=\"elementor-heading-title elementor-size-default\">Our Services at a Glance:\n<\/h3>\t\t\t\t<\/div>\n\t\t\t\t<\/div>\n\t\t\t\t<div class=\"elementor-element elementor-element-eca56fc elementor-widget elementor-widget-text-editor\" data-id=\"eca56fc\" data-element_type=\"widget\" data-e-type=\"widget\" data-widget_type=\"text-editor.default\">\n\t\t\t\t<div class=\"elementor-widget-container\">\n\t\t\t\t\t\t\t\t\t<ul data-start=\"573\" data-end=\"829\"><li data-start=\"573\" data-end=\"609\"><p data-start=\"575\" data-end=\"609\">\ud83c\udf33 Garden Design &amp; New Installations<\/p><\/li><li data-start=\"610\" data-end=\"654\"><p data-start=\"612\" data-end=\"654\">\ud83c\udf3f Maintenance of Green Areas &amp; Lawns<\/p><\/li><li data-start=\"655\" data-end=\"700\"><p data-start=\"657\" data-end=\"700\">\ud83e\uddf1 Paving, Pathway &amp; Terrace Construction<\/p><\/li><li data-start=\"701\" data-end=\"746\"><p data-start=\"703\" data-end=\"746\">\ud83d\udca1 Lighting Concepts for Outdoor Areas<\/p><\/li><li data-start=\"747\" data-end=\"791\"><p data-start=\"749\" data-end=\"791\">\ud83c\udf3c Planting, Tree &amp; Shrub Pruning<\/p><\/li><li data-start=\"792\" data-end=\"829\"><p data-start=\"794\" data-end=\"829\">\ud83d\udebf Irrigation Systems &amp; Drainage<\/p><\/li><\/ul><p data-start=\"831\" data-end=\"968\">With a trained team and modern equipment, we create outdoor spaces that are not only functional but also aesthetically impressive.<\/p>\t\t\t\t\t\t\t\t<\/div>\n\t\t\t\t<\/div>\n\t\t\t\t<\/div>\n\t\t\t\t\t<\/div>\n\t\t\t\t<\/div>\n\t\t\t\t<\/div>","protected":false},"excerpt":{"rendered":"<p>Garten und Landschaftsbau Rohrmeister24 \u2013 Kreativer Garten- und Landschaftsbau mit Leidenschaft Ein sch\u00f6ner Garten ist mehr als nur Gr\u00fcn \u2013 er ist Ihre pers\u00f6nliche Wohlf\u00fchloase.\u00a0Rohrmeister24\u00a0bietet Ihnen ma\u00dfgeschneiderte L\u00f6sungen im Bereich\u00a0Garten- und Landschaftsbau\u00a0\u2013 von der Planung bis zur Umsetzung. Unsere Leistungen im \u00dcberblick: \ud83c\udf33 Gartengestaltung &amp; Neuanlagen \ud83c\udf3f Pflege von Gr\u00fcnanlagen &amp; Rasenfl\u00e4chen \ud83e\uddf1 Pflasterarbeiten, Wege- &amp; Terrassenbau \ud83d\udca1 Beleuchtungskonzepte f\u00fcr Au\u00dfenbereiche \ud83c\udf3c Bepflanzungen, Baum- &amp; Strauchschnitt \ud83d\udebf Bew\u00e4sserungssysteme &amp; Drainage Mit einem geschulten Team und modernen Maschinen schaffen wir Au\u00dfenanlagen, die nicht nur funktional, sondern auch \u00e4sthetisch \u00fcberzeugen.<\/p>","protected":false},"author":4,"featured_media":0,"parent":0,"menu_order":0,"comment_status":"closed","ping_status":"closed","template":"elementor_header_footer","meta":{"footnotes":""},"class_list":["post-358","page","type-page","status-publish","hentry"],"_links":{"self":[{"href":"https:\/\/rohrmeister24.de\/en\/wp-json\/wp\/v2\/pages\/358","targetHints":{"allow":["GET"]}}],"collection":[{"href":"https:\/\/rohrmeister24.de\/en\/wp-json\/wp\/v2\/pages"}],"about":[{"href":"https:\/\/rohrmeister24.de\/en\/wp-json\/wp\/v2\/types\/page"}],"author":[{"embeddable":true,"href":"https:\/\/rohrmeister24.de\/en\/wp-json\/wp\/v2\/users\/4"}],"replies":[{"embeddable":true,"href":"https:\/\/rohrmeister24.de\/en\/wp-json\/wp\/v2\/comments?post=358"}],"version-history":[{"count":22,"href":"https:\/\/rohrmeister24.de\/en\/wp-json\/wp\/v2\/pages\/358\/revisions"}],"predecessor-version":[{"id":1335,"href":"https:\/\/rohrmeister24.de\/en\/wp-json\/wp\/v2\/pages\/358\/revisions\/1335"}],"wp:attachment":[{"href":"https:\/\/rohrmeister24.de\/en\/wp-json\/wp\/v2\/media?parent=358"}],"curies":[{"name":"wp","href":"https:\/\/api.w.org\/{rel}","templated":true}]}}