{"id":354,"date":"2025-07-24T08:58:50","date_gmt":"2025-07-24T08:58:50","guid":{"rendered":"https:\/\/rohrmeister24.de\/?page_id=354"},"modified":"2025-10-06T09:05:21","modified_gmt":"2025-10-06T09:05:21","slug":"hausmeisterservice","status":"publish","type":"page","link":"https:\/\/rohrmeister24.de\/en\/hausmeisterservice\/","title":{"rendered":"Property Maintenance Service"},"content":{"rendered":"<div data-elementor-type=\"wp-page\" data-elementor-id=\"354\" class=\"elementor elementor-354\" data-elementor-post-type=\"page\">\n\t\t\t\t<div class=\"elementor-element elementor-element-5c55d54 e-con-full e-flex wpr-particle-no wpr-jarallax-no wpr-parallax-no wpr-sticky-section-no e-con e-parent\" data-id=\"5c55d54\" data-element_type=\"container\" data-e-type=\"container\" data-settings=\"{&quot;background_background&quot;:&quot;classic&quot;}\">\n\t\t\t\t<div class=\"elementor-element elementor-element-fb12f29 elementor-invisible elementor-widget elementor-widget-heading\" data-id=\"fb12f29\" data-element_type=\"widget\" data-e-type=\"widget\" data-settings=\"{&quot;_animation&quot;:&quot;fadeInUp&quot;}\" data-widget_type=\"heading.default\">\n\t\t\t\t<div class=\"elementor-widget-container\">\n\t\t\t\t\t<h1 class=\"elementor-heading-title elementor-size-default\">Property Maintenance Service<\/h1>\t\t\t\t<\/div>\n\t\t\t\t<\/div>\n\t\t\t\t<\/div>\n\t\t<div class=\"elementor-element elementor-element-bbeaec5 e-flex e-con-boxed wpr-particle-no wpr-jarallax-no wpr-parallax-no wpr-sticky-section-no e-con e-parent\" data-id=\"bbeaec5\" data-element_type=\"container\" data-e-type=\"container\">\n\t\t\t\t\t<div class=\"e-con-inner\">\n\t\t<div class=\"elementor-element elementor-element-87c20aa e-con-full e-flex wpr-particle-no wpr-jarallax-no wpr-parallax-no wpr-sticky-section-no e-con e-child\" data-id=\"87c20aa\" data-element_type=\"container\" data-e-type=\"container\">\n\t\t\t\t<div class=\"elementor-element elementor-element-4af612e elementor-widget elementor-widget-heading\" data-id=\"4af612e\" data-element_type=\"widget\" data-e-type=\"widget\" data-widget_type=\"heading.default\">\n\t\t\t\t<div class=\"elementor-widget-container\">\n\t\t\t\t\t<h2 class=\"elementor-heading-title elementor-size-default\">Rohrmeister24 \u2013 Your Reliable Property Maintenance Service!<\/h2>\t\t\t\t<\/div>\n\t\t\t\t<\/div>\n\t\t\t\t<div class=\"elementor-element elementor-element-661e995 elementor-widget elementor-widget-text-editor\" data-id=\"661e995\" data-element_type=\"widget\" data-e-type=\"widget\" data-widget_type=\"text-editor.default\">\n\t\t\t\t<div class=\"elementor-widget-container\">\n\t\t\t\t\t\t\t\t\t<p>Are you looking for a competent and dedicated property maintenance service for your building? Rohrmeister24 is your strong partner for maintenance, care, and repairs.<\/p>\t\t\t\t\t\t\t\t<\/div>\n\t\t\t\t<\/div>\n\t\t\t\t<\/div>\n\t\t<div class=\"elementor-element elementor-element-4ddab6c e-con-full e-flex wpr-particle-no wpr-jarallax-no wpr-parallax-no wpr-sticky-section-no e-con e-child\" data-id=\"4ddab6c\" data-element_type=\"container\" data-e-type=\"container\">\n\t\t\t\t<div class=\"elementor-element elementor-element-9f88796 elementor-widget elementor-widget-image\" data-id=\"9f88796\" data-element_type=\"widget\" data-e-type=\"widget\" data-widget_type=\"image.default\">\n\t\t\t\t<div class=\"elementor-widget-container\">\n\t\t\t\t\t\t\t\t\t\t\t\t\t\t\t<img fetchpriority=\"high\" decoding=\"async\" width=\"500\" height=\"500\" src=\"https:\/\/rohrmeister24.de\/wp-content\/uploads\/2025\/09\/Hausmeisterservice-img2.webp\" class=\"attachment-full size-full wp-image-598\" alt=\"Hausmeisterservice- img2\" \/>\t\t\t\t\t\t\t\t\t\t\t\t\t\t\t<\/div>\n\t\t\t\t<\/div>\n\t\t\t\t<\/div>\n\t\t\t\t\t<\/div>\n\t\t\t\t<\/div>\n\t\t<div class=\"elementor-element elementor-element-52735cb e-flex e-con-boxed wpr-particle-no wpr-jarallax-no wpr-parallax-no wpr-sticky-section-no e-con e-parent\" data-id=\"52735cb\" data-element_type=\"container\" data-e-type=\"container\">\n\t\t\t\t\t<div class=\"e-con-inner\">\n\t\t<div class=\"elementor-element elementor-element-5bdc0f3 e-con-full e-flex wpr-particle-no wpr-jarallax-no wpr-parallax-no wpr-sticky-section-no e-con e-child\" data-id=\"5bdc0f3\" data-element_type=\"container\" data-e-type=\"container\">\n\t\t\t\t<div class=\"elementor-element elementor-element-2800544 elementor-widget elementor-widget-image\" data-id=\"2800544\" data-element_type=\"widget\" data-e-type=\"widget\" data-widget_type=\"image.default\">\n\t\t\t\t<div class=\"elementor-widget-container\">\n\t\t\t\t\t\t\t\t\t\t\t\t\t\t\t<img decoding=\"async\" width=\"500\" height=\"500\" src=\"https:\/\/rohrmeister24.de\/wp-content\/uploads\/2025\/09\/Hausmeisterservice-img1.webp\" class=\"attachment-full size-full wp-image-597\" alt=\"Hausmeisterservice- img1\" srcset=\"https:\/\/rohrmeister24.de\/wp-content\/uploads\/2025\/09\/Hausmeisterservice-img1.webp 500w, https:\/\/rohrmeister24.de\/wp-content\/uploads\/2025\/09\/Hausmeisterservice-img1-300x300.webp 300w, https:\/\/rohrmeister24.de\/wp-content\/uploads\/2025\/09\/Hausmeisterservice-img1-150x150.webp 150w\" sizes=\"(max-width: 500px) 100vw, 500px\" \/>\t\t\t\t\t\t\t\t\t\t\t\t\t\t\t<\/div>\n\t\t\t\t<\/div>\n\t\t\t\t<\/div>\n\t\t<div class=\"elementor-element elementor-element-6e04143 e-con-full e-flex wpr-particle-no wpr-jarallax-no wpr-parallax-no wpr-sticky-section-no e-con e-child\" data-id=\"6e04143\" data-element_type=\"container\" data-e-type=\"container\">\n\t\t\t\t<div class=\"elementor-element elementor-element-4fc38c1 elementor-widget elementor-widget-heading\" data-id=\"4fc38c1\" data-element_type=\"widget\" data-e-type=\"widget\" data-widget_type=\"heading.default\">\n\t\t\t\t<div class=\"elementor-widget-container\">\n\t\t\t\t\t<h3 class=\"elementor-heading-title elementor-size-default\">Our Services at a Glance:<\/h3>\t\t\t\t<\/div>\n\t\t\t\t<\/div>\n\t\t\t\t<div class=\"elementor-element elementor-element-60a8968 elementor-widget elementor-widget-text-editor\" data-id=\"60a8968\" data-element_type=\"widget\" data-e-type=\"widget\" data-widget_type=\"text-editor.default\">\n\t\t\t\t<div class=\"elementor-widget-container\">\n\t\t\t\t\t\t\t\t\t<ul data-start=\"428\" data-end=\"700\"><li data-start=\"428\" data-end=\"462\"><p data-start=\"430\" data-end=\"462\">\u2705 Regular Property Inspections<\/p><\/li><li data-start=\"463\" data-end=\"511\"><p data-start=\"465\" data-end=\"511\">\u2705 Minor Repairs &amp; Maintenance Work<\/p><\/li><li data-start=\"512\" data-end=\"572\"><p data-start=\"514\" data-end=\"572\">\u2705 Cleaning of Stairwells, Outdoor Areas &amp; Basements<\/p><\/li><li data-start=\"573\" data-end=\"606\"><p data-start=\"575\" data-end=\"606\">\u2705 Winter Service &amp; Garden Maintenance<\/p><\/li><li data-start=\"607\" data-end=\"642\"><p data-start=\"609\" data-end=\"642\">\u2705 Maintenance of Technical Systems<\/p><\/li><li data-start=\"643\" data-end=\"700\"><p data-start=\"645\" data-end=\"700\">\u2705 24\/7 Emergency Service for Burst Pipes or Water Damage<\/p><\/li><\/ul><p data-start=\"702\" data-end=\"894\">At Rohrmeister24, we rely on reliability, flexibility, and craftsmanship. Whether residential complex, office building, or commercial property \u2013 we take care of your property with passion.<\/p><p data-start=\"896\" data-end=\"940\">\ud83d\udd27 <strong data-start=\"899\" data-end=\"940\">Personal. Professional. Affordable.<\/strong><\/p><p data-start=\"942\" data-end=\"1097\">Contact us today and request a non-binding quote!<\/p>\t\t\t\t\t\t\t\t<\/div>\n\t\t\t\t<\/div>\n\t\t\t\t<\/div>\n\t\t\t\t\t<\/div>\n\t\t\t\t<\/div>\n\t\t\t\t<\/div>","protected":false},"excerpt":{"rendered":"<p>Hausmeisterservice Rohrmeister24 \u2013 Ihr zuverl\u00e4ssiger Hausmeisterservice! Sie suchen einen kompetenten und engagierten Hausmeisterservice f\u00fcr Ihre Immobilie?\u00a0Rohrmeister24\u00a0ist Ihr starker Partner rund um Wartung, Pflege und Instandhaltung. Unsere Leistungen im \u00dcberblick: \u2705 Regelm\u00e4\u00dfige Objektkontrollen \u2705 Kleinreparaturen &amp; Instandhaltungsarbeiten \u2705 Reinigung von Treppenh\u00e4usern, Au\u00dfenfl\u00e4chen und Kellern \u2705 Winterdienst &amp; Gartenpflege \u2705 Betreuung technischer Anlagen \u2705 24\/7 Notfalldienst bei Rohrbruch oder Wassersch\u00e4den Wir bei Rohrmeister24 setzen auf Zuverl\u00e4ssigkeit, Flexibilit\u00e4t und handwerkliches K\u00f6nnen. Ob Wohnanlage, B\u00fcrogeb\u00e4ude oder Gewerbeimmobilie \u2013 wir k\u00fcmmern uns mit Leidenschaft um Ihr Objekt. \ud83d\udd27 Pers\u00f6nlich. Professionell. Preiswert. Kontaktieren Sie uns noch heute und fordern Sie ein unverbindliches Angebot an!<\/p>","protected":false},"author":4,"featured_media":0,"parent":0,"menu_order":0,"comment_status":"closed","ping_status":"closed","template":"elementor_header_footer","meta":{"footnotes":""},"class_list":["post-354","page","type-page","status-publish","hentry"],"_links":{"self":[{"href":"https:\/\/rohrmeister24.de\/en\/wp-json\/wp\/v2\/pages\/354","targetHints":{"allow":["GET"]}}],"collection":[{"href":"https:\/\/rohrmeister24.de\/en\/wp-json\/wp\/v2\/pages"}],"about":[{"href":"https:\/\/rohrmeister24.de\/en\/wp-json\/wp\/v2\/types\/page"}],"author":[{"embeddable":true,"href":"https:\/\/rohrmeister24.de\/en\/wp-json\/wp\/v2\/users\/4"}],"replies":[{"embeddable":true,"href":"https:\/\/rohrmeister24.de\/en\/wp-json\/wp\/v2\/comments?post=354"}],"version-history":[{"count":28,"href":"https:\/\/rohrmeister24.de\/en\/wp-json\/wp\/v2\/pages\/354\/revisions"}],"predecessor-version":[{"id":1389,"href":"https:\/\/rohrmeister24.de\/en\/wp-json\/wp\/v2\/pages\/354\/revisions\/1389"}],"wp:attachment":[{"href":"https:\/\/rohrmeister24.de\/en\/wp-json\/wp\/v2\/media?parent=354"}],"curies":[{"name":"wp","href":"https:\/\/api.w.org\/{rel}","templated":true}]}}