{"id":334,"date":"2025-07-24T08:19:42","date_gmt":"2025-07-24T08:19:42","guid":{"rendered":"https:\/\/rohrmeister24.de\/?page_id=334"},"modified":"2025-10-06T09:04:00","modified_gmt":"2025-10-06T09:04:00","slug":"klima-notdienst","status":"publish","type":"page","link":"https:\/\/rohrmeister24.de\/en\/klima-notdienst\/","title":{"rendered":"AC Emergency Service"},"content":{"rendered":"<div data-elementor-type=\"wp-page\" data-elementor-id=\"334\" class=\"elementor elementor-334\" data-elementor-post-type=\"page\">\n\t\t\t\t<div class=\"elementor-element elementor-element-f1dc6aa e-con-full e-flex wpr-particle-no wpr-jarallax-no wpr-parallax-no wpr-sticky-section-no e-con e-parent\" data-id=\"f1dc6aa\" data-element_type=\"container\" data-e-type=\"container\" data-settings=\"{&quot;background_background&quot;:&quot;classic&quot;}\">\n\t\t\t\t<div class=\"elementor-element elementor-element-4d9819e elementor-invisible elementor-widget elementor-widget-heading\" data-id=\"4d9819e\" data-element_type=\"widget\" data-e-type=\"widget\" data-settings=\"{&quot;_animation&quot;:&quot;fadeInUp&quot;}\" data-widget_type=\"heading.default\">\n\t\t\t\t<div class=\"elementor-widget-container\">\n\t\t\t\t\t<h1 class=\"elementor-heading-title elementor-size-default\">AC Emergency Service<\/h1>\t\t\t\t<\/div>\n\t\t\t\t<\/div>\n\t\t\t\t<\/div>\n\t\t<div class=\"elementor-element elementor-element-5d59a6d e-flex e-con-boxed wpr-particle-no wpr-jarallax-no wpr-parallax-no wpr-sticky-section-no e-con e-parent\" data-id=\"5d59a6d\" data-element_type=\"container\" data-e-type=\"container\">\n\t\t\t\t\t<div class=\"e-con-inner\">\n\t\t<div class=\"elementor-element elementor-element-4571c6c e-con-full e-flex wpr-particle-no wpr-jarallax-no wpr-parallax-no wpr-sticky-section-no e-con e-child\" data-id=\"4571c6c\" data-element_type=\"container\" data-e-type=\"container\">\n\t\t\t\t<div class=\"elementor-element elementor-element-4dfe06a elementor-widget elementor-widget-heading\" data-id=\"4dfe06a\" data-element_type=\"widget\" data-e-type=\"widget\" data-widget_type=\"heading.default\">\n\t\t\t\t<div class=\"elementor-widget-container\">\n\t\t\t\t\t<h2 class=\"elementor-heading-title elementor-size-default\">Air conditioner broken? Rohrmeister24 \u2013 your 24\/7 AC emergency service!<\/h2>\t\t\t\t<\/div>\n\t\t\t\t<\/div>\n\t\t\t\t<div class=\"elementor-element elementor-element-5f5166a elementor-widget elementor-widget-text-editor\" data-id=\"5f5166a\" data-element_type=\"widget\" data-e-type=\"widget\" data-widget_type=\"text-editor.default\">\n\t\t\t\t<div class=\"elementor-widget-container\">\n\t\t\t\t\t\t\t\t\t<p>If your air conditioning suddenly fails or no longer provides cooling, we provide fast help. Rohrmeister24 is your reliable partner for the repair and maintenance of air conditioning systems \u2013 24 hours a day, 7 days a week.<\/p>\t\t\t\t\t\t\t\t<\/div>\n\t\t\t\t<\/div>\n\t\t\t\t<\/div>\n\t\t<div class=\"elementor-element elementor-element-43bb9ca e-con-full e-flex wpr-particle-no wpr-jarallax-no wpr-parallax-no wpr-sticky-section-no e-con e-child\" data-id=\"43bb9ca\" data-element_type=\"container\" data-e-type=\"container\">\n\t\t\t\t<div class=\"elementor-element elementor-element-599bca8 elementor-widget elementor-widget-image\" data-id=\"599bca8\" data-element_type=\"widget\" data-e-type=\"widget\" data-widget_type=\"image.default\">\n\t\t\t\t<div class=\"elementor-widget-container\">\n\t\t\t\t\t\t\t\t\t\t\t\t\t\t\t<img fetchpriority=\"high\" decoding=\"async\" width=\"500\" height=\"500\" src=\"https:\/\/rohrmeister24.de\/wp-content\/uploads\/2025\/09\/Klima-Notdienst-img2.webp\" class=\"attachment-full size-full wp-image-615\" alt=\"Klima Notdienst - img2\" srcset=\"https:\/\/rohrmeister24.de\/wp-content\/uploads\/2025\/09\/Klima-Notdienst-img2.webp 500w, https:\/\/rohrmeister24.de\/wp-content\/uploads\/2025\/09\/Klima-Notdienst-img2-300x300.webp 300w, https:\/\/rohrmeister24.de\/wp-content\/uploads\/2025\/09\/Klima-Notdienst-img2-150x150.webp 150w\" sizes=\"(max-width: 500px) 100vw, 500px\" \/>\t\t\t\t\t\t\t\t\t\t\t\t\t\t\t<\/div>\n\t\t\t\t<\/div>\n\t\t\t\t<\/div>\n\t\t\t\t\t<\/div>\n\t\t\t\t<\/div>\n\t\t<div class=\"elementor-element elementor-element-cf21cdc e-flex e-con-boxed wpr-particle-no wpr-jarallax-no wpr-parallax-no wpr-sticky-section-no e-con e-parent\" data-id=\"cf21cdc\" data-element_type=\"container\" data-e-type=\"container\">\n\t\t\t\t\t<div class=\"e-con-inner\">\n\t\t<div class=\"elementor-element elementor-element-f63b9e9 e-con-full e-flex wpr-particle-no wpr-jarallax-no wpr-parallax-no wpr-sticky-section-no e-con e-child\" data-id=\"f63b9e9\" data-element_type=\"container\" data-e-type=\"container\">\n\t\t\t\t<div class=\"elementor-element elementor-element-687958a elementor-widget elementor-widget-image\" data-id=\"687958a\" data-element_type=\"widget\" data-e-type=\"widget\" data-widget_type=\"image.default\">\n\t\t\t\t<div class=\"elementor-widget-container\">\n\t\t\t\t\t\t\t\t\t\t\t\t\t\t\t<img decoding=\"async\" width=\"500\" height=\"500\" src=\"https:\/\/rohrmeister24.de\/wp-content\/uploads\/2025\/09\/Klima-Notdienst-img1-1.webp\" class=\"attachment-full size-full wp-image-620\" alt=\"Klima Notdienst - img1 (1)\" \/>\t\t\t\t\t\t\t\t\t\t\t\t\t\t\t<\/div>\n\t\t\t\t<\/div>\n\t\t\t\t<\/div>\n\t\t<div class=\"elementor-element elementor-element-5631999 e-con-full e-flex wpr-particle-no wpr-jarallax-no wpr-parallax-no wpr-sticky-section-no e-con e-child\" data-id=\"5631999\" data-element_type=\"container\" data-e-type=\"container\">\n\t\t\t\t<div class=\"elementor-element elementor-element-3277ea1 elementor-widget elementor-widget-heading\" data-id=\"3277ea1\" data-element_type=\"widget\" data-e-type=\"widget\" data-widget_type=\"heading.default\">\n\t\t\t\t<div class=\"elementor-widget-container\">\n\t\t\t\t\t<h2 class=\"elementor-heading-title elementor-size-default\">Our AC emergency service offers you:<\/h2>\t\t\t\t<\/div>\n\t\t\t\t<\/div>\n\t\t\t\t<div class=\"elementor-element elementor-element-b50bf1a elementor-widget elementor-widget-text-editor\" data-id=\"b50bf1a\" data-element_type=\"widget\" data-e-type=\"widget\" data-widget_type=\"text-editor.default\">\n\t\t\t\t<div class=\"elementor-widget-container\">\n\t\t\t\t\t\t\t\t\t<ul data-start=\"573\" data-end=\"829\"><li data-start=\"573\" data-end=\"609\"><p data-start=\"575\" data-end=\"609\">\u2744\ufe0f Fast help with breakdowns or cooling problems<\/p><\/li><li data-start=\"610\" data-end=\"654\"><p data-start=\"612\" data-end=\"654\">\ud83d\udd27 Repair &amp; Maintenance of Split Systems<\/p><\/li><li data-start=\"655\" data-end=\"700\"><p data-start=\"657\" data-end=\"700\">\u2699\ufe0f Replacement of defective components &amp; filters<\/p><\/li><li data-start=\"701\" data-end=\"746\"><p data-start=\"703\" data-end=\"746\">\ud83c\udf21\ufe0f Optimization of cooling performance<\/p><\/li><li data-start=\"792\" data-end=\"829\"><p data-start=\"794\" data-end=\"829\">\ud83d\udee0\ufe0f Diagnosis &amp; Immediate Measures On-Site<\/p><\/li><\/ul><p data-start=\"831\" data-end=\"968\">Our trained technicians are fully equipped to quickly repair or service your air conditioning \u2013 reliable, efficient, and professional.<\/p>\t\t\t\t\t\t\t\t<\/div>\n\t\t\t\t<\/div>\n\t\t\t\t<\/div>\n\t\t\t\t\t<\/div>\n\t\t\t\t<\/div>\n\t\t\t\t<\/div>","protected":false},"excerpt":{"rendered":"<p>Klima Notdienst Klimaanlage defekt? Rohrmeister24 \u2013 Ihr Klima Notdienst rund um die Uhr! Wenn die Klimaanlage pl\u00f6tzlich ausf\u00e4llt oder keine K\u00fchlleistung mehr bringt, sorgen wir f\u00fcr schnelle Hilfe. Rohrmeister24 ist Ihr zuverl\u00e4ssiger Partner f\u00fcr die Reparatur und Wartung von Klimaanlagen \u2013 24 Stunden am Tag, 7 Tage die Woche. Unser Klima Notdienst bietet Ihnen: \u2744\ufe0f Schnelle Hilfe bei Ausfall oder K\u00fchlproblemen \ud83d\udd27 Reparatur &amp; Wartung von Splitanlagen \u2699\ufe0f Austausch defekter Bauteile &amp; Filter \ud83c\udf21\ufe0f Optimierung der K\u00fchlleistung \ud83d\udee0\ufe0f Diagnose &amp; Sofortma\u00dfnahmen direkt vor Ort Unsere geschulten Techniker sind bestens ausgestattet, um Ihre Klimaanlage rasch zu reparieren oder zu warten \u2013 zuverl\u00e4ssig, effizient und professionell.<\/p>","protected":false},"author":4,"featured_media":0,"parent":0,"menu_order":0,"comment_status":"closed","ping_status":"closed","template":"elementor_header_footer","meta":{"footnotes":""},"class_list":["post-334","page","type-page","status-publish","hentry"],"_links":{"self":[{"href":"https:\/\/rohrmeister24.de\/en\/wp-json\/wp\/v2\/pages\/334","targetHints":{"allow":["GET"]}}],"collection":[{"href":"https:\/\/rohrmeister24.de\/en\/wp-json\/wp\/v2\/pages"}],"about":[{"href":"https:\/\/rohrmeister24.de\/en\/wp-json\/wp\/v2\/types\/page"}],"author":[{"embeddable":true,"href":"https:\/\/rohrmeister24.de\/en\/wp-json\/wp\/v2\/users\/4"}],"replies":[{"embeddable":true,"href":"https:\/\/rohrmeister24.de\/en\/wp-json\/wp\/v2\/comments?post=334"}],"version-history":[{"count":19,"href":"https:\/\/rohrmeister24.de\/en\/wp-json\/wp\/v2\/pages\/334\/revisions"}],"predecessor-version":[{"id":1383,"href":"https:\/\/rohrmeister24.de\/en\/wp-json\/wp\/v2\/pages\/334\/revisions\/1383"}],"wp:attachment":[{"href":"https:\/\/rohrmeister24.de\/en\/wp-json\/wp\/v2\/media?parent=334"}],"curies":[{"name":"wp","href":"https:\/\/api.w.org\/{rel}","templated":true}]}}