{"id":26,"date":"2025-06-19T13:31:30","date_gmt":"2025-06-19T13:31:30","guid":{"rendered":"https:\/\/rohrmeister24.de\/?page_id=26"},"modified":"2025-10-06T09:03:30","modified_gmt":"2025-10-06T09:03:30","slug":"kamerainspektion","status":"publish","type":"page","link":"https:\/\/rohrmeister24.de\/en\/leistungen\/kamerainspektion\/","title":{"rendered":"Camera Inspection"},"content":{"rendered":"<div data-elementor-type=\"wp-page\" data-elementor-id=\"26\" class=\"elementor elementor-26\" data-elementor-post-type=\"page\">\n\t\t\t\t<div class=\"elementor-element elementor-element-f84ca79 e-con-full e-flex wpr-particle-no wpr-jarallax-no wpr-parallax-no wpr-sticky-section-no e-con e-parent\" data-id=\"f84ca79\" data-element_type=\"container\" data-e-type=\"container\" data-settings=\"{&quot;background_background&quot;:&quot;classic&quot;}\">\n\t\t\t\t<div class=\"elementor-element elementor-element-cc5dae1 elementor-invisible elementor-widget elementor-widget-heading\" data-id=\"cc5dae1\" data-element_type=\"widget\" data-e-type=\"widget\" data-settings=\"{&quot;_animation&quot;:&quot;fadeInUp&quot;}\" data-widget_type=\"heading.default\">\n\t\t\t\t<div class=\"elementor-widget-container\">\n\t\t\t\t\t<h1 class=\"elementor-heading-title elementor-size-default\">Camera Inspection<\/h1>\t\t\t\t<\/div>\n\t\t\t\t<\/div>\n\t\t\t\t<\/div>\n\t\t<div class=\"elementor-element elementor-element-cd9043e e-flex e-con-boxed wpr-particle-no wpr-jarallax-no wpr-parallax-no wpr-sticky-section-no e-con e-parent\" data-id=\"cd9043e\" data-element_type=\"container\" data-e-type=\"container\">\n\t\t\t\t\t<div class=\"e-con-inner\">\n\t\t<div class=\"elementor-element elementor-element-a953772 e-con-full e-flex wpr-particle-no wpr-jarallax-no wpr-parallax-no wpr-sticky-section-no e-con e-child\" data-id=\"a953772\" data-element_type=\"container\" data-e-type=\"container\">\n\t\t\t\t<div class=\"elementor-element elementor-element-855651c elementor-widget elementor-widget-heading\" data-id=\"855651c\" data-element_type=\"widget\" data-e-type=\"widget\" data-widget_type=\"heading.default\">\n\t\t\t\t<div class=\"elementor-widget-container\">\n\t\t\t\t\t<h2 class=\"elementor-heading-title elementor-size-default\">Camera Inspection \u2013 Preventive Measure for a Trouble-Free Drainage System\n<\/h2>\t\t\t\t<\/div>\n\t\t\t\t<\/div>\n\t\t\t\t<div class=\"elementor-element elementor-element-056cf25 elementor-widget elementor-widget-text-editor\" data-id=\"056cf25\" data-element_type=\"widget\" data-e-type=\"widget\" data-widget_type=\"text-editor.default\">\n\t\t\t\t<div class=\"elementor-widget-container\">\n\t\t\t\t\t\t\t\t\t<p>Our camera inspection enables a thorough examination of your pipelines to detect hidden problems such as cracks, blockages, or wear at an early stage. This allows targeted repairs to be carried out to prevent major damage.<\/p>\t\t\t\t\t\t\t\t<\/div>\n\t\t\t\t<\/div>\n\t\t\t\t<\/div>\n\t\t<div class=\"elementor-element elementor-element-36204b6 e-con-full e-flex wpr-particle-no wpr-jarallax-no wpr-parallax-no wpr-sticky-section-no e-con e-child\" data-id=\"36204b6\" data-element_type=\"container\" data-e-type=\"container\">\n\t\t\t\t<div class=\"elementor-element elementor-element-56e666c elementor-widget elementor-widget-image\" data-id=\"56e666c\" data-element_type=\"widget\" data-e-type=\"widget\" data-widget_type=\"image.default\">\n\t\t\t\t<div class=\"elementor-widget-container\">\n\t\t\t\t\t\t\t\t\t\t\t\t\t\t\t<img fetchpriority=\"high\" decoding=\"async\" width=\"500\" height=\"500\" src=\"https:\/\/rohrmeister24.de\/wp-content\/uploads\/2025\/09\/Kamerainspektion-img2.webp\" class=\"attachment-full size-full wp-image-563\" alt=\"Kamerainspektion - img2\" \/>\t\t\t\t\t\t\t\t\t\t\t\t\t\t\t<\/div>\n\t\t\t\t<\/div>\n\t\t\t\t<\/div>\n\t\t\t\t\t<\/div>\n\t\t\t\t<\/div>\n\t\t<div class=\"elementor-element elementor-element-eaa28c7 e-flex e-con-boxed wpr-particle-no wpr-jarallax-no wpr-parallax-no wpr-sticky-section-no e-con e-parent\" data-id=\"eaa28c7\" data-element_type=\"container\" data-e-type=\"container\">\n\t\t\t\t\t<div class=\"e-con-inner\">\n\t\t<div class=\"elementor-element elementor-element-3e477ea e-con-full e-flex wpr-particle-no wpr-jarallax-no wpr-parallax-no wpr-sticky-section-no e-con e-child\" data-id=\"3e477ea\" data-element_type=\"container\" data-e-type=\"container\">\n\t\t\t\t<div class=\"elementor-element elementor-element-c70b9a2 elementor-widget elementor-widget-image\" data-id=\"c70b9a2\" data-element_type=\"widget\" data-e-type=\"widget\" data-widget_type=\"image.default\">\n\t\t\t\t<div class=\"elementor-widget-container\">\n\t\t\t\t\t\t\t\t\t\t\t\t\t\t\t<img decoding=\"async\" width=\"500\" height=\"500\" src=\"https:\/\/rohrmeister24.de\/wp-content\/uploads\/2025\/09\/Kamerainspektion-img1.webp\" class=\"attachment-full size-full wp-image-564\" alt=\"Kamerainspektion - img1\" \/>\t\t\t\t\t\t\t\t\t\t\t\t\t\t\t<\/div>\n\t\t\t\t<\/div>\n\t\t\t\t<\/div>\n\t\t<div class=\"elementor-element elementor-element-1cad23c e-con-full e-flex wpr-particle-no wpr-jarallax-no wpr-parallax-no wpr-sticky-section-no e-con e-child\" data-id=\"1cad23c\" data-element_type=\"container\" data-e-type=\"container\">\n\t\t\t\t<div class=\"elementor-element elementor-element-5d96470 elementor-widget elementor-widget-heading\" data-id=\"5d96470\" data-element_type=\"widget\" data-e-type=\"widget\" data-widget_type=\"heading.default\">\n\t\t\t\t<div class=\"elementor-widget-container\">\n\t\t\t\t\t<h2 class=\"elementor-heading-title elementor-size-default\">Precise Inspection for Flawless Pipes\n<\/h2>\t\t\t\t<\/div>\n\t\t\t\t<\/div>\n\t\t\t\t<div class=\"elementor-element elementor-element-c96a371 elementor-widget elementor-widget-text-editor\" data-id=\"c96a371\" data-element_type=\"widget\" data-e-type=\"widget\" data-widget_type=\"text-editor.default\">\n\t\t\t\t<div class=\"elementor-widget-container\">\n\t\t\t\t\t\t\t\t\t<p>To detect hidden problems in your pipelines early and avoid costly consequential damage, we rely on our state-of-the-art camera technology for precise inspection. Our specialists carry out a thorough examination of your pipes without damaging walls or floors. Thanks to high-resolution images, we can precisely locate cracks, breaks, blockages, or wear and perform targeted repairs.<\/p><p>Regular camera inspection allows us to detect problems at an early stage and extend the lifespan of your pipes. Rely on our preventive measures and first-class service for flawless pipelines in your home or business.<\/p>\t\t\t\t\t\t\t\t<\/div>\n\t\t\t\t<\/div>\n\t\t\t\t<\/div>\n\t\t\t\t\t<\/div>\n\t\t\t\t<\/div>\n\t\t\t\t<\/div>","protected":false},"excerpt":{"rendered":"<p>Kamerainspektion Kamerainspektion \u2013 Pr\u00e4ventive Ma\u00dfnahme f\u00fcr eine problemlose Abflussfunktion Unsere Kamerainspektion erm\u00f6glicht eine gr\u00fcndliche Untersuchung Ihrer Rohrleitungen, um versteckte Probleme wie Risse, Verstopfungen oder Verschlei\u00df rechtzeitig zu erkennen. Dadurch k\u00f6nnen gezielte Reparaturen durchgef\u00fchrt werden, um gr\u00f6\u00dfere Sch\u00e4den zu verhindern. Pr\u00e4zise Inspektion f\u00fcr einwandfreie Rohre Um versteckte Probleme in Ihren Rohrleitungen fr\u00fchzeitig zu erkennen und teure Folgesch\u00e4den zu vermeiden, setzen wir auf unsere hochmoderne Kameratechnik f\u00fcr eine pr\u00e4zise Inspektion. Unsere Fachkr\u00e4fte f\u00fchren eine gr\u00fcndliche Untersuchung Ihrer Rohre durch, ohne dabei W\u00e4nde oder B\u00f6den besch\u00e4digen zu m\u00fcssen. Dank der hochaufl\u00f6senden Bilder k\u00f6nnen wir Risse, Br\u00fcche, Verstopfungen oder Verschlei\u00df genau lokalisieren und gezielte Reparaturen durchf\u00fchren. Eine regelm\u00e4\u00dfige Kamerainspektion erm\u00f6glicht es uns, Probleme in einem fr\u00fchen Stadium zu erkennen und die Lebensdauer Ihrer Rohre zu verl\u00e4ngern. Vertrauen Sie auf unsere vorausschauenden Ma\u00dfnahmen und unseren erstklassigen Service f\u00fcr einwandfreie Rohrleitungen in Ihrem Zuhause oder Gewerbe.<\/p>","protected":false},"author":4,"featured_media":0,"parent":12,"menu_order":0,"comment_status":"closed","ping_status":"closed","template":"elementor_header_footer","meta":{"footnotes":""},"class_list":["post-26","page","type-page","status-publish","hentry"],"_links":{"self":[{"href":"https:\/\/rohrmeister24.de\/en\/wp-json\/wp\/v2\/pages\/26","targetHints":{"allow":["GET"]}}],"collection":[{"href":"https:\/\/rohrmeister24.de\/en\/wp-json\/wp\/v2\/pages"}],"about":[{"href":"https:\/\/rohrmeister24.de\/en\/wp-json\/wp\/v2\/types\/page"}],"author":[{"embeddable":true,"href":"https:\/\/rohrmeister24.de\/en\/wp-json\/wp\/v2\/users\/4"}],"replies":[{"embeddable":true,"href":"https:\/\/rohrmeister24.de\/en\/wp-json\/wp\/v2\/comments?post=26"}],"version-history":[{"count":14,"href":"https:\/\/rohrmeister24.de\/en\/wp-json\/wp\/v2\/pages\/26\/revisions"}],"predecessor-version":[{"id":1380,"href":"https:\/\/rohrmeister24.de\/en\/wp-json\/wp\/v2\/pages\/26\/revisions\/1380"}],"up":[{"embeddable":true,"href":"https:\/\/rohrmeister24.de\/en\/wp-json\/wp\/v2\/pages\/12"}],"wp:attachment":[{"href":"https:\/\/rohrmeister24.de\/en\/wp-json\/wp\/v2\/media?parent=26"}],"curies":[{"name":"wp","href":"https:\/\/api.w.org\/{rel}","templated":true}]}}