{"id":23,"date":"2025-06-19T13:31:02","date_gmt":"2025-06-19T13:31:02","guid":{"rendered":"https:\/\/rohrmeister24.de\/?page_id=23"},"modified":"2025-10-06T09:03:05","modified_gmt":"2025-10-06T09:03:05","slug":"rueckstausicherung","status":"publish","type":"page","link":"https:\/\/rohrmeister24.de\/en\/leistungen\/rueckstausicherung\/","title":{"rendered":"Backflow Prevention"},"content":{"rendered":"<div data-elementor-type=\"wp-page\" data-elementor-id=\"23\" class=\"elementor elementor-23\" data-elementor-post-type=\"page\">\n\t\t\t\t<div class=\"elementor-element elementor-element-090fb48 e-con-full e-flex wpr-particle-no wpr-jarallax-no wpr-parallax-no wpr-sticky-section-no e-con e-parent\" data-id=\"090fb48\" data-element_type=\"container\" data-e-type=\"container\" data-settings=\"{&quot;background_background&quot;:&quot;classic&quot;}\">\n\t\t\t\t<div class=\"elementor-element elementor-element-fcb6fce elementor-invisible elementor-widget elementor-widget-heading\" data-id=\"fcb6fce\" data-element_type=\"widget\" data-e-type=\"widget\" data-settings=\"{&quot;_animation&quot;:&quot;fadeInUp&quot;}\" data-widget_type=\"heading.default\">\n\t\t\t\t<div class=\"elementor-widget-container\">\n\t\t\t\t\t<h1 class=\"elementor-heading-title elementor-size-default\">Backflow Prevention<\/h1>\t\t\t\t<\/div>\n\t\t\t\t<\/div>\n\t\t\t\t<\/div>\n\t\t<div class=\"elementor-element elementor-element-44404cf e-flex e-con-boxed wpr-particle-no wpr-jarallax-no wpr-parallax-no wpr-sticky-section-no e-con e-parent\" data-id=\"44404cf\" data-element_type=\"container\" data-e-type=\"container\">\n\t\t\t\t\t<div class=\"e-con-inner\">\n\t\t<div class=\"elementor-element elementor-element-a39a844 e-con-full e-flex wpr-particle-no wpr-jarallax-no wpr-parallax-no wpr-sticky-section-no e-con e-child\" data-id=\"a39a844\" data-element_type=\"container\" data-e-type=\"container\">\n\t\t\t\t<div class=\"elementor-element elementor-element-1e4f91f elementor-widget elementor-widget-heading\" data-id=\"1e4f91f\" data-element_type=\"widget\" data-e-type=\"widget\" data-widget_type=\"heading.default\">\n\t\t\t\t<div class=\"elementor-widget-container\">\n\t\t\t\t\t<h2 class=\"elementor-heading-title elementor-size-default\">Backflow Prevention \u2013 Protection Against Unpleasant Water Intrusion\n<\/h2>\t\t\t\t<\/div>\n\t\t\t\t<\/div>\n\t\t\t\t<div class=\"elementor-element elementor-element-09681d6 elementor-widget elementor-widget-text-editor\" data-id=\"09681d6\" data-element_type=\"widget\" data-e-type=\"widget\" data-widget_type=\"text-editor.default\">\n\t\t\t\t<div class=\"elementor-widget-container\">\n\t\t\t\t\t\t\t\t\t<p>Our backflow prevention safeguards your building against backflow and resulting flooding. We install reliable backflow valves and pump systems to protect your property from water damage.<\/p>\t\t\t\t\t\t\t\t<\/div>\n\t\t\t\t<\/div>\n\t\t\t\t<\/div>\n\t\t<div class=\"elementor-element elementor-element-625dfae e-con-full e-flex wpr-particle-no wpr-jarallax-no wpr-parallax-no wpr-sticky-section-no e-con e-child\" data-id=\"625dfae\" data-element_type=\"container\" data-e-type=\"container\">\n\t\t\t\t<div class=\"elementor-element elementor-element-10bbc6f elementor-widget elementor-widget-image\" data-id=\"10bbc6f\" data-element_type=\"widget\" data-e-type=\"widget\" data-widget_type=\"image.default\">\n\t\t\t\t<div class=\"elementor-widget-container\">\n\t\t\t\t\t\t\t\t\t\t\t\t\t\t\t<img fetchpriority=\"high\" decoding=\"async\" width=\"500\" height=\"500\" src=\"https:\/\/rohrmeister24.de\/wp-content\/uploads\/2025\/09\/Rueckstausicherung-img1.webp\" class=\"attachment-full size-full wp-image-555\" alt=\"R\u00fcckstausicherung - img1\" srcset=\"https:\/\/rohrmeister24.de\/wp-content\/uploads\/2025\/09\/Rueckstausicherung-img1.webp 500w, https:\/\/rohrmeister24.de\/wp-content\/uploads\/2025\/09\/Rueckstausicherung-img1-300x300.webp 300w, https:\/\/rohrmeister24.de\/wp-content\/uploads\/2025\/09\/Rueckstausicherung-img1-150x150.webp 150w\" sizes=\"(max-width: 500px) 100vw, 500px\" \/>\t\t\t\t\t\t\t\t\t\t\t\t\t\t\t<\/div>\n\t\t\t\t<\/div>\n\t\t\t\t<\/div>\n\t\t\t\t\t<\/div>\n\t\t\t\t<\/div>\n\t\t<div class=\"elementor-element elementor-element-dfa00b6 e-flex e-con-boxed wpr-particle-no wpr-jarallax-no wpr-parallax-no wpr-sticky-section-no e-con e-parent\" data-id=\"dfa00b6\" data-element_type=\"container\" data-e-type=\"container\">\n\t\t\t\t\t<div class=\"e-con-inner\">\n\t\t<div class=\"elementor-element elementor-element-785d7db e-con-full e-flex wpr-particle-no wpr-jarallax-no wpr-parallax-no wpr-sticky-section-no e-con e-child\" data-id=\"785d7db\" data-element_type=\"container\" data-e-type=\"container\">\n\t\t\t\t<div class=\"elementor-element elementor-element-b84b5a3 elementor-widget elementor-widget-image\" data-id=\"b84b5a3\" data-element_type=\"widget\" data-e-type=\"widget\" data-widget_type=\"image.default\">\n\t\t\t\t<div class=\"elementor-widget-container\">\n\t\t\t\t\t\t\t\t\t\t\t\t\t\t\t<img decoding=\"async\" width=\"500\" height=\"500\" src=\"https:\/\/rohrmeister24.de\/wp-content\/uploads\/2025\/09\/Rueckstausicherung-img2-1.webp\" class=\"attachment-full size-full wp-image-557\" alt=\"R\u00fcckstausicherung - img2 (1)\" srcset=\"https:\/\/rohrmeister24.de\/wp-content\/uploads\/2025\/09\/Rueckstausicherung-img2-1.webp 500w, https:\/\/rohrmeister24.de\/wp-content\/uploads\/2025\/09\/Rueckstausicherung-img2-1-300x300.webp 300w, https:\/\/rohrmeister24.de\/wp-content\/uploads\/2025\/09\/Rueckstausicherung-img2-1-150x150.webp 150w\" sizes=\"(max-width: 500px) 100vw, 500px\" \/>\t\t\t\t\t\t\t\t\t\t\t\t\t\t\t<\/div>\n\t\t\t\t<\/div>\n\t\t\t\t<\/div>\n\t\t<div class=\"elementor-element elementor-element-133591a e-con-full e-flex wpr-particle-no wpr-jarallax-no wpr-parallax-no wpr-sticky-section-no e-con e-child\" data-id=\"133591a\" data-element_type=\"container\" data-e-type=\"container\">\n\t\t\t\t<div class=\"elementor-element elementor-element-70074db elementor-widget elementor-widget-heading\" data-id=\"70074db\" data-element_type=\"widget\" data-e-type=\"widget\" data-widget_type=\"heading.default\">\n\t\t\t\t<div class=\"elementor-widget-container\">\n\t\t\t\t\t<h2 class=\"elementor-heading-title elementor-size-default\">Reliable Protection Against Water Intrusion\n<\/h2>\t\t\t\t<\/div>\n\t\t\t\t<\/div>\n\t\t\t\t<div class=\"elementor-element elementor-element-028ce4c elementor-widget elementor-widget-text-editor\" data-id=\"028ce4c\" data-element_type=\"widget\" data-e-type=\"widget\" data-widget_type=\"text-editor.default\">\n\t\t\t\t<div class=\"elementor-widget-container\">\n\t\t\t\t\t\t\t\t\t<p>Backflow can lead to devastating water intrusion and cause significant damage to your building. With our backflow protection, we offer you reliable safety. Our experts install high-quality backflow valves and efficient pump systems that automatically activate in the event of backflow, preventing water from entering your premises.<\/p><p>This protects your property from potential water damage and minimizes the risk of costly repairs. Rely on our experience and reliable service to optimally safeguard your home or business against backflow.<\/p>\t\t\t\t\t\t\t\t<\/div>\n\t\t\t\t<\/div>\n\t\t\t\t<\/div>\n\t\t\t\t\t<\/div>\n\t\t\t\t<\/div>\n\t\t\t\t<\/div>","protected":false},"excerpt":{"rendered":"<p>R\u00fcckstausicherung R\u00fcckstausicherung \u2013 Schutz vor unliebsamen Wassereinbr\u00fcchen Unsere R\u00fcckstausicherung sch\u00fctzt Ihr Geb\u00e4ude vor R\u00fcckstau und daraus resultierenden \u00dcberschwemmungen. Wir installieren zuverl\u00e4ssige R\u00fcckstauventile und Pumpensysteme, um Ihr Eigentum vor Wassersch\u00e4den zu bewahren. Zuverl\u00e4ssiger Schutz vor Wassereinbr\u00fcchen R\u00fcckstau kann zu verheerenden Wassereinbr\u00fcchen f\u00fchren und erhebliche Sch\u00e4den in Ihrem Geb\u00e4ude verursachen. Mit unserer R\u00fcckstausicherung bieten wir Ihnen einen zuverl\u00e4ssigen Schutz. Unsere Experten installieren hochwertige R\u00fcckstauventile und effiziente Pumpensysteme, die im Falle eines R\u00fcckstaus automatisch aktiviert werden und das Eindringen von Wasser in Ihre R\u00e4umlichkeiten verhindern. Damit bewahren Sie Ihr Eigentum vor m\u00f6glichen Wassersch\u00e4den und minimieren das Risiko teurer Reparaturen. Verlassen Sie sich auf unsere Erfahrung und unseren zuverl\u00e4ssigen Service, um Ihr Zuhause oder Gewerbe optimal gegen R\u00fcckstau abzusichern.<\/p>","protected":false},"author":4,"featured_media":0,"parent":12,"menu_order":0,"comment_status":"closed","ping_status":"closed","template":"elementor_header_footer","meta":{"footnotes":""},"class_list":["post-23","page","type-page","status-publish","hentry"],"_links":{"self":[{"href":"https:\/\/rohrmeister24.de\/en\/wp-json\/wp\/v2\/pages\/23","targetHints":{"allow":["GET"]}}],"collection":[{"href":"https:\/\/rohrmeister24.de\/en\/wp-json\/wp\/v2\/pages"}],"about":[{"href":"https:\/\/rohrmeister24.de\/en\/wp-json\/wp\/v2\/types\/page"}],"author":[{"embeddable":true,"href":"https:\/\/rohrmeister24.de\/en\/wp-json\/wp\/v2\/users\/4"}],"replies":[{"embeddable":true,"href":"https:\/\/rohrmeister24.de\/en\/wp-json\/wp\/v2\/comments?post=23"}],"version-history":[{"count":13,"href":"https:\/\/rohrmeister24.de\/en\/wp-json\/wp\/v2\/pages\/23\/revisions"}],"predecessor-version":[{"id":1377,"href":"https:\/\/rohrmeister24.de\/en\/wp-json\/wp\/v2\/pages\/23\/revisions\/1377"}],"up":[{"embeddable":true,"href":"https:\/\/rohrmeister24.de\/en\/wp-json\/wp\/v2\/pages\/12"}],"wp:attachment":[{"href":"https:\/\/rohrmeister24.de\/en\/wp-json\/wp\/v2\/media?parent=23"}],"curies":[{"name":"wp","href":"https:\/\/api.w.org\/{rel}","templated":true}]}}