{"id":17,"date":"2025-06-19T13:30:20","date_gmt":"2025-06-19T13:30:20","guid":{"rendered":"https:\/\/rohrmeister24.de\/?page_id=17"},"modified":"2025-10-02T07:43:08","modified_gmt":"2025-10-02T07:43:08","slug":"spuelung-und-fraesung","status":"publish","type":"page","link":"https:\/\/rohrmeister24.de\/en\/leistungen\/spuelung-und-fraesung\/","title":{"rendered":"Flushing &amp; Milling"},"content":{"rendered":"<div data-elementor-type=\"wp-page\" data-elementor-id=\"17\" class=\"elementor elementor-17\" data-elementor-post-type=\"page\">\n\t\t\t\t<div class=\"elementor-element elementor-element-ca16215 e-con-full e-flex wpr-particle-no wpr-jarallax-no wpr-parallax-no wpr-sticky-section-no e-con e-parent\" data-id=\"ca16215\" data-element_type=\"container\" data-e-type=\"container\" data-settings=\"{&quot;background_background&quot;:&quot;classic&quot;}\">\n\t\t\t\t<div class=\"elementor-element elementor-element-4dfce7f elementor-invisible elementor-widget elementor-widget-heading\" data-id=\"4dfce7f\" data-element_type=\"widget\" data-e-type=\"widget\" data-settings=\"{&quot;_animation&quot;:&quot;fadeInUp&quot;}\" data-widget_type=\"heading.default\">\n\t\t\t\t<div class=\"elementor-widget-container\">\n\t\t\t\t\t<h1 class=\"elementor-heading-title elementor-size-default\">Flushing &amp; Milling<\/h1>\t\t\t\t<\/div>\n\t\t\t\t<\/div>\n\t\t\t\t<\/div>\n\t\t<div class=\"elementor-element elementor-element-7a7fa8f e-flex e-con-boxed wpr-particle-no wpr-jarallax-no wpr-parallax-no wpr-sticky-section-no e-con e-parent\" data-id=\"7a7fa8f\" data-element_type=\"container\" data-e-type=\"container\">\n\t\t\t\t\t<div class=\"e-con-inner\">\n\t\t<div class=\"elementor-element elementor-element-4c545af e-con-full e-flex wpr-particle-no wpr-jarallax-no wpr-parallax-no wpr-sticky-section-no e-con e-child\" data-id=\"4c545af\" data-element_type=\"container\" data-e-type=\"container\">\n\t\t\t\t<div class=\"elementor-element elementor-element-ca6245f elementor-widget elementor-widget-heading\" data-id=\"ca6245f\" data-element_type=\"widget\" data-e-type=\"widget\" data-widget_type=\"heading.default\">\n\t\t\t\t<div class=\"elementor-widget-container\">\n\t\t\t\t\t<h2 class=\"elementor-heading-title elementor-size-default\">High-pressure flushing and cutting \u2013 effective solutions for stubborn blockages\n<\/h2>\t\t\t\t<\/div>\n\t\t\t\t<\/div>\n\t\t\t\t<div class=\"elementor-element elementor-element-4137998 elementor-widget elementor-widget-text-editor\" data-id=\"4137998\" data-element_type=\"widget\" data-e-type=\"widget\" data-widget_type=\"text-editor.default\">\n\t\t\t\t<div class=\"elementor-widget-container\">\n\t\t\t\t\t\t\t\t\t<p>Our high-pressure flushing and cutting is the ideal solution for stubborn blockages and deposits in your pipes. With high water pressure, we efficiently loosen even the toughest clogs and thoroughly remove them using our cutting technology.<\/p>\t\t\t\t\t\t\t\t<\/div>\n\t\t\t\t<\/div>\n\t\t\t\t<\/div>\n\t\t<div class=\"elementor-element elementor-element-dc9530a e-con-full e-flex wpr-particle-no wpr-jarallax-no wpr-parallax-no wpr-sticky-section-no e-con e-child\" data-id=\"dc9530a\" data-element_type=\"container\" data-e-type=\"container\">\n\t\t\t\t<div class=\"elementor-element elementor-element-ea759ce elementor-widget elementor-widget-image\" data-id=\"ea759ce\" data-element_type=\"widget\" data-e-type=\"widget\" data-widget_type=\"image.default\">\n\t\t\t\t<div class=\"elementor-widget-container\">\n\t\t\t\t\t\t\t\t\t\t\t\t\t\t\t<img fetchpriority=\"high\" decoding=\"async\" width=\"500\" height=\"500\" src=\"https:\/\/rohrmeister24.de\/wp-content\/uploads\/2025\/09\/Spuelung-und-Fraesung-img1.webp\" class=\"attachment-full size-full wp-image-503\" alt=\"Sp\u00fclung und Fr\u00e4sung - img1\" \/>\t\t\t\t\t\t\t\t\t\t\t\t\t\t\t<\/div>\n\t\t\t\t<\/div>\n\t\t\t\t<\/div>\n\t\t\t\t\t<\/div>\n\t\t\t\t<\/div>\n\t\t<div class=\"elementor-element elementor-element-5d639f6 e-flex e-con-boxed wpr-particle-no wpr-jarallax-no wpr-parallax-no wpr-sticky-section-no e-con e-parent\" data-id=\"5d639f6\" data-element_type=\"container\" data-e-type=\"container\">\n\t\t\t\t\t<div class=\"e-con-inner\">\n\t\t<div class=\"elementor-element elementor-element-3d2388c e-con-full e-flex wpr-particle-no wpr-jarallax-no wpr-parallax-no wpr-sticky-section-no e-con e-child\" data-id=\"3d2388c\" data-element_type=\"container\" data-e-type=\"container\">\n\t\t\t\t<div class=\"elementor-element elementor-element-ce5a795 elementor-widget elementor-widget-image\" data-id=\"ce5a795\" data-element_type=\"widget\" data-e-type=\"widget\" data-widget_type=\"image.default\">\n\t\t\t\t<div class=\"elementor-widget-container\">\n\t\t\t\t\t\t\t\t\t\t\t\t\t\t\t<img decoding=\"async\" width=\"500\" height=\"500\" src=\"https:\/\/rohrmeister24.de\/wp-content\/uploads\/2025\/09\/Spuelung-und-Fraesung-img2.webp\" class=\"attachment-full size-full wp-image-504\" alt=\"Sp\u00fclung und Fr\u00e4sung - img2\" srcset=\"https:\/\/rohrmeister24.de\/wp-content\/uploads\/2025\/09\/Spuelung-und-Fraesung-img2.webp 500w, https:\/\/rohrmeister24.de\/wp-content\/uploads\/2025\/09\/Spuelung-und-Fraesung-img2-300x300.webp 300w, https:\/\/rohrmeister24.de\/wp-content\/uploads\/2025\/09\/Spuelung-und-Fraesung-img2-150x150.webp 150w\" sizes=\"(max-width: 500px) 100vw, 500px\" \/>\t\t\t\t\t\t\t\t\t\t\t\t\t\t\t<\/div>\n\t\t\t\t<\/div>\n\t\t\t\t<\/div>\n\t\t<div class=\"elementor-element elementor-element-cf95307 e-con-full e-flex wpr-particle-no wpr-jarallax-no wpr-parallax-no wpr-sticky-section-no e-con e-child\" data-id=\"cf95307\" data-element_type=\"container\" data-e-type=\"container\">\n\t\t\t\t<div class=\"elementor-element elementor-element-9546f52 elementor-widget elementor-widget-heading\" data-id=\"9546f52\" data-element_type=\"widget\" data-e-type=\"widget\" data-widget_type=\"heading.default\">\n\t\t\t\t<div class=\"elementor-widget-container\">\n\t\t\t\t\t<h2 class=\"elementor-heading-title elementor-size-default\">Effective cleaning through high-pressure and cutting technology\n<\/h2>\t\t\t\t<\/div>\n\t\t\t\t<\/div>\n\t\t\t\t<div class=\"elementor-element elementor-element-d771751 elementor-widget elementor-widget-text-editor\" data-id=\"d771751\" data-element_type=\"widget\" data-e-type=\"widget\" data-widget_type=\"text-editor.default\">\n\t\t\t\t<div class=\"elementor-widget-container\">\n\t\t\t\t\t\t\t\t\t<p>When conventional cleaning methods are not enough, our high-pressure flushing and cutting is the right choice. By using targeted high water pressure, we effectively remove even the most stubborn blockages and deposits in your pipes. Afterwards, we apply our cutting technology to thoroughly eliminate any remaining buildup and clean the pipe walls. The result is an optimally functioning drainage system with significantly improved flow capacity. Rely on our proven technology and the expertise of our team to permanently solve problems with clogged pipes.<\/p>\t\t\t\t\t\t\t\t<\/div>\n\t\t\t\t<\/div>\n\t\t\t\t<\/div>\n\t\t\t\t\t<\/div>\n\t\t\t\t<\/div>\n\t\t\t\t<\/div>","protected":false},"excerpt":{"rendered":"<p>Sp\u00fclung und Fr\u00e4sung Hochdrucksp\u00fclung und Fr\u00e4sung \u2013 Effektive L\u00f6sungen f\u00fcr hartn\u00e4ckige Verstopfungen Unsere Hochdrucksp\u00fclung und Fr\u00e4sung ist die ideale L\u00f6sung f\u00fcr hartn\u00e4ckige Verstopfungen und Ablagerungen in Ihren Rohren. Mit hohem Wasserdruck l\u00f6sen wir effizient selbst die hartn\u00e4ckigsten Blockaden und beseitigen sie gr\u00fcndlich mit unserer Fr\u00e4stechnik. Effektive Reinigung durch Hochdruck und Fr\u00e4stechnik Wenn herk\u00f6mmliche Reinigungsmethoden nicht ausreichen, ist unsere Hochdrucksp\u00fclung und Fr\u00e4sung die richtige Wahl. Durch den gezielten Einsatz von hohem Wasserdruck l\u00f6sen wir effektiv selbst die hartn\u00e4ckigsten Verstopfungen und Ablagerungen in Ihren Rohren. Anschlie\u00dfend setzen wir unsere Fr\u00e4stechnik ein, um diese Reste gr\u00fcndlich zu entfernen und die Rohrw\u00e4nde von Ablagerungen zu befreien. Das Ergebnis ist ein optimal funktionierendes Abflusssystem mit deutlich verbesserter Durchflusskapazit\u00e4t. Setzen Sie auf unsere bew\u00e4hrte Technologie und das Fachwissen unseres Teams, um Probleme mit verstopften Rohren dauerhaft zu l\u00f6sen.<\/p>","protected":false},"author":4,"featured_media":0,"parent":12,"menu_order":0,"comment_status":"closed","ping_status":"closed","template":"elementor_header_footer","meta":{"footnotes":""},"class_list":["post-17","page","type-page","status-publish","hentry"],"_links":{"self":[{"href":"https:\/\/rohrmeister24.de\/en\/wp-json\/wp\/v2\/pages\/17","targetHints":{"allow":["GET"]}}],"collection":[{"href":"https:\/\/rohrmeister24.de\/en\/wp-json\/wp\/v2\/pages"}],"about":[{"href":"https:\/\/rohrmeister24.de\/en\/wp-json\/wp\/v2\/types\/page"}],"author":[{"embeddable":true,"href":"https:\/\/rohrmeister24.de\/en\/wp-json\/wp\/v2\/users\/4"}],"replies":[{"embeddable":true,"href":"https:\/\/rohrmeister24.de\/en\/wp-json\/wp\/v2\/comments?post=17"}],"version-history":[{"count":27,"href":"https:\/\/rohrmeister24.de\/en\/wp-json\/wp\/v2\/pages\/17\/revisions"}],"predecessor-version":[{"id":1162,"href":"https:\/\/rohrmeister24.de\/en\/wp-json\/wp\/v2\/pages\/17\/revisions\/1162"}],"up":[{"embeddable":true,"href":"https:\/\/rohrmeister24.de\/en\/wp-json\/wp\/v2\/pages\/12"}],"wp:attachment":[{"href":"https:\/\/rohrmeister24.de\/en\/wp-json\/wp\/v2\/media?parent=17"}],"curies":[{"name":"wp","href":"https:\/\/api.w.org\/{rel}","templated":true}]}}